{"id":1042,"date":"2025-05-30T08:22:07","date_gmt":"2025-05-30T06:22:07","guid":{"rendered":"https:\/\/delfoils.com\/producto\/climate-change-hater-camiseta\/"},"modified":"2025-07-03T09:53:47","modified_gmt":"2025-07-03T07:53:47","slug":"climate-change-hater-t-shirt","status":"publish","type":"product","link":"https:\/\/delfoils.com\/en\/producto\/climate-change-hater-t-shirt\/","title":{"rendered":"Climate Change Hater \u2013 T-Shirt"},"content":{"rendered":"<p data-start=\"215\" data-end=\"263\"><strong data-start=\"215\" data-end=\"263\">It&#8217;s not just a T-shirt. It&#8217;s a statement. <\/strong><\/p>\n<p data-start=\"265\" data-end=\"455\">At DELFOILS we believe in a lifestyle that respects the sea, the earth and people. That&#8217;s why this <strong data-start=\"379\" data-end=\"393\">Yum Design<\/strong> T-shirt is part of our selection of products with a conscience. <\/p>\n<p data-start=\"457\" data-end=\"613\">Feta amb <strong data-start=\"467\" data-end=\"492\">100% cot\u00f3 org\u00e0nic<\/strong>, aquesta pe\u00e7a no nom\u00e9s t&#8217;acompanya en els teus dies de surf, p\u00e0del o skate: tamb\u00e9 parla de qui ets i del que defenses.<\/p>\n<p><strong data-start=\"615\" data-end=\"653\">Ethically and environmentally certified<\/strong>, from cultivation to packaging:<\/p>\n<ul>\n<li data-start=\"615\" data-end=\"911\">Toxic-free and environmentally-friendly production<\/li>\n<li data-start=\"615\" data-end=\"911\">No exploitative labour, no discrimination and no child labour<\/li>\n<li data-start=\"615\" data-end=\"911\">Built to last, with biodegradable materials and sustainable processes<\/li>\n<\/ul>\n<p data-start=\"915\" data-end=\"973\"><strong data-start=\"980\" data-end=\"1088\">An original garment by Yum Design, selected by DELFOILS for its positive impact and clear message.<\/strong><\/p>\n","protected":false},"excerpt":{"rendered":"<p>It&#8217;s not just a T-shirt. It&#8217;s a statement. At DELFOILS we believe in a lifestyle that respects the sea, the earth and people. That&#8217;s why this Yum Design T-shirt is part of our selection of products with a conscience. Feta amb 100% cot\u00f3 org\u00e0nic, aquesta pe\u00e7a no nom\u00e9s t&#8217;acompanya en els teus dies de surf, [&hellip;]<\/p>\n","protected":false},"featured_media":837,"comment_status":"open","ping_status":"closed","template":"","meta":[],"product_brand":[],"product_cat":[51],"product_tag":[],"servicio":[49],"class_list":{"0":"post-1042","1":"product","2":"type-product","3":"status-publish","4":"has-post-thumbnail","6":"product_cat-merchandising-en","7":"servicio-purchase","9":"first","10":"instock","11":"taxable","12":"shipping-taxable","13":"purchasable","14":"product-type-simple"},"yoast_head":"<!-- This site is optimized with the Yoast SEO plugin v27.2 - https:\/\/yoast.com\/product\/yoast-seo-wordpress\/ -->\n<title>Climate Change Hater \u2013 T-Shirt - Delfoils<\/title>\n<meta name=\"robots\" content=\"index, follow, max-snippet:-1, max-image-preview:large, max-video-preview:-1\" \/>\n<link rel=\"canonical\" href=\"https:\/\/delfoils.com\/en\/producto\/climate-change-hater-t-shirt\/\" \/>\n<meta property=\"og:locale\" content=\"en_US\" \/>\n<meta property=\"og:type\" content=\"article\" \/>\n<meta property=\"og:title\" content=\"Climate Change Hater \u2013 T-Shirt - Delfoils\" \/>\n<meta property=\"og:description\" content=\"It&#8217;s not just a T-shirt. It&#8217;s a statement. At DELFOILS we believe in a lifestyle that respects the sea, the earth and people. That&#8217;s why this Yum Design T-shirt is part of our selection of products with a conscience. Feta amb 100% cot\u00f3 org\u00e0nic, aquesta pe\u00e7a no nom\u00e9s t&#8217;acompanya en els teus dies de surf, [&hellip;]\" \/>\n<meta property=\"og:url\" content=\"https:\/\/delfoils.com\/en\/producto\/climate-change-hater-t-shirt\/\" \/>\n<meta property=\"og:site_name\" content=\"Delfoils\" \/>\n<meta property=\"article:modified_time\" content=\"2025-07-03T07:53:47+00:00\" \/>\n<meta property=\"og:image\" content=\"https:\/\/delfoils.com\/wp-content\/uploads\/2025\/05\/7.jpg\" \/>\n\t<meta property=\"og:image:width\" content=\"1200\" \/>\n\t<meta property=\"og:image:height\" content=\"1500\" \/>\n\t<meta property=\"og:image:type\" content=\"image\/jpeg\" \/>\n<meta name=\"twitter:card\" content=\"summary_large_image\" \/>\n<meta name=\"twitter:label1\" content=\"Est. reading time\" \/>\n\t<meta name=\"twitter:data1\" content=\"1 minute\" \/>\n<script type=\"application\/ld+json\" class=\"yoast-schema-graph\">{\"@context\":\"https:\/\/schema.org\",\"@graph\":[{\"@type\":\"WebPage\",\"@id\":\"https:\/\/delfoils.com\/en\/producto\/climate-change-hater-t-shirt\/\",\"url\":\"https:\/\/delfoils.com\/en\/producto\/climate-change-hater-t-shirt\/\",\"name\":\"Climate Change Hater \u2013 T-Shirt - Delfoils\",\"isPartOf\":{\"@id\":\"https:\/\/delfoils.com\/#website\"},\"primaryImageOfPage\":{\"@id\":\"https:\/\/delfoils.com\/en\/producto\/climate-change-hater-t-shirt\/#primaryimage\"},\"image\":{\"@id\":\"https:\/\/delfoils.com\/en\/producto\/climate-change-hater-t-shirt\/#primaryimage\"},\"thumbnailUrl\":\"https:\/\/delfoils.com\/wp-content\/uploads\/2025\/05\/7.jpg\",\"datePublished\":\"2025-05-30T06:22:07+00:00\",\"dateModified\":\"2025-07-03T07:53:47+00:00\",\"breadcrumb\":{\"@id\":\"https:\/\/delfoils.com\/en\/producto\/climate-change-hater-t-shirt\/#breadcrumb\"},\"inLanguage\":\"en-US\",\"potentialAction\":[{\"@type\":\"ReadAction\",\"target\":[\"https:\/\/delfoils.com\/en\/producto\/climate-change-hater-t-shirt\/\"]}]},{\"@type\":\"ImageObject\",\"inLanguage\":\"en-US\",\"@id\":\"https:\/\/delfoils.com\/en\/producto\/climate-change-hater-t-shirt\/#primaryimage\",\"url\":\"https:\/\/delfoils.com\/wp-content\/uploads\/2025\/05\/7.jpg\",\"contentUrl\":\"https:\/\/delfoils.com\/wp-content\/uploads\/2025\/05\/7.jpg\",\"width\":1200,\"height\":1500,\"caption\":\"Camiseta Climate Change Hater\"},{\"@type\":\"BreadcrumbList\",\"@id\":\"https:\/\/delfoils.com\/en\/producto\/climate-change-hater-t-shirt\/#breadcrumb\",\"itemListElement\":[{\"@type\":\"ListItem\",\"position\":1,\"name\":\"Portada\",\"item\":\"https:\/\/delfoils.com\/en\/\"},{\"@type\":\"ListItem\",\"position\":2,\"name\":\"Shop\",\"item\":\"https:\/\/delfoils.com\/en\/shop\/\"},{\"@type\":\"ListItem\",\"position\":3,\"name\":\"Climate Change Hater \u2013 T-Shirt\"}]},{\"@type\":\"WebSite\",\"@id\":\"https:\/\/delfoils.com\/#website\",\"url\":\"https:\/\/delfoils.com\/\",\"name\":\"Delfoils\",\"description\":\"\",\"publisher\":{\"@id\":\"https:\/\/delfoils.com\/#organization\"},\"potentialAction\":[{\"@type\":\"SearchAction\",\"target\":{\"@type\":\"EntryPoint\",\"urlTemplate\":\"https:\/\/delfoils.com\/?s={search_term_string}\"},\"query-input\":{\"@type\":\"PropertyValueSpecification\",\"valueRequired\":true,\"valueName\":\"search_term_string\"}}],\"inLanguage\":\"en-US\"},{\"@type\":\"Organization\",\"@id\":\"https:\/\/delfoils.com\/#organization\",\"name\":\"Delfoils\",\"url\":\"https:\/\/delfoils.com\/\",\"logo\":{\"@type\":\"ImageObject\",\"inLanguage\":\"en-US\",\"@id\":\"https:\/\/delfoils.com\/#\/schema\/logo\/image\/\",\"url\":\"https:\/\/delfoils.com\/wp-content\/uploads\/2025\/05\/favicon.png\",\"contentUrl\":\"https:\/\/delfoils.com\/wp-content\/uploads\/2025\/05\/favicon.png\",\"width\":270,\"height\":270,\"caption\":\"Delfoils\"},\"image\":{\"@id\":\"https:\/\/delfoils.com\/#\/schema\/logo\/image\/\"},\"sameAs\":[\"https:\/\/es.linkedin.com\/company\/delfoils\"]}]}<\/script>\n<!-- \/ Yoast SEO plugin. -->","yoast_head_json":{"title":"Climate Change Hater \u2013 T-Shirt - Delfoils","robots":{"index":"index","follow":"follow","max-snippet":"max-snippet:-1","max-image-preview":"max-image-preview:large","max-video-preview":"max-video-preview:-1"},"canonical":"https:\/\/delfoils.com\/en\/producto\/climate-change-hater-t-shirt\/","og_locale":"en_US","og_type":"article","og_title":"Climate Change Hater \u2013 T-Shirt - Delfoils","og_description":"It&#8217;s not just a T-shirt. It&#8217;s a statement. At DELFOILS we believe in a lifestyle that respects the sea, the earth and people. That&#8217;s why this Yum Design T-shirt is part of our selection of products with a conscience. Feta amb 100% cot\u00f3 org\u00e0nic, aquesta pe\u00e7a no nom\u00e9s t&#8217;acompanya en els teus dies de surf, [&hellip;]","og_url":"https:\/\/delfoils.com\/en\/producto\/climate-change-hater-t-shirt\/","og_site_name":"Delfoils","article_modified_time":"2025-07-03T07:53:47+00:00","og_image":[{"width":1200,"height":1500,"url":"https:\/\/delfoils.com\/wp-content\/uploads\/2025\/05\/7.jpg","type":"image\/jpeg"}],"twitter_card":"summary_large_image","twitter_misc":{"Est. reading time":"1 minute"},"schema":{"@context":"https:\/\/schema.org","@graph":[{"@type":"WebPage","@id":"https:\/\/delfoils.com\/en\/producto\/climate-change-hater-t-shirt\/","url":"https:\/\/delfoils.com\/en\/producto\/climate-change-hater-t-shirt\/","name":"Climate Change Hater \u2013 T-Shirt - Delfoils","isPartOf":{"@id":"https:\/\/delfoils.com\/#website"},"primaryImageOfPage":{"@id":"https:\/\/delfoils.com\/en\/producto\/climate-change-hater-t-shirt\/#primaryimage"},"image":{"@id":"https:\/\/delfoils.com\/en\/producto\/climate-change-hater-t-shirt\/#primaryimage"},"thumbnailUrl":"https:\/\/delfoils.com\/wp-content\/uploads\/2025\/05\/7.jpg","datePublished":"2025-05-30T06:22:07+00:00","dateModified":"2025-07-03T07:53:47+00:00","breadcrumb":{"@id":"https:\/\/delfoils.com\/en\/producto\/climate-change-hater-t-shirt\/#breadcrumb"},"inLanguage":"en-US","potentialAction":[{"@type":"ReadAction","target":["https:\/\/delfoils.com\/en\/producto\/climate-change-hater-t-shirt\/"]}]},{"@type":"ImageObject","inLanguage":"en-US","@id":"https:\/\/delfoils.com\/en\/producto\/climate-change-hater-t-shirt\/#primaryimage","url":"https:\/\/delfoils.com\/wp-content\/uploads\/2025\/05\/7.jpg","contentUrl":"https:\/\/delfoils.com\/wp-content\/uploads\/2025\/05\/7.jpg","width":1200,"height":1500,"caption":"Camiseta Climate Change Hater"},{"@type":"BreadcrumbList","@id":"https:\/\/delfoils.com\/en\/producto\/climate-change-hater-t-shirt\/#breadcrumb","itemListElement":[{"@type":"ListItem","position":1,"name":"Portada","item":"https:\/\/delfoils.com\/en\/"},{"@type":"ListItem","position":2,"name":"Shop","item":"https:\/\/delfoils.com\/en\/shop\/"},{"@type":"ListItem","position":3,"name":"Climate Change Hater \u2013 T-Shirt"}]},{"@type":"WebSite","@id":"https:\/\/delfoils.com\/#website","url":"https:\/\/delfoils.com\/","name":"Delfoils","description":"","publisher":{"@id":"https:\/\/delfoils.com\/#organization"},"potentialAction":[{"@type":"SearchAction","target":{"@type":"EntryPoint","urlTemplate":"https:\/\/delfoils.com\/?s={search_term_string}"},"query-input":{"@type":"PropertyValueSpecification","valueRequired":true,"valueName":"search_term_string"}}],"inLanguage":"en-US"},{"@type":"Organization","@id":"https:\/\/delfoils.com\/#organization","name":"Delfoils","url":"https:\/\/delfoils.com\/","logo":{"@type":"ImageObject","inLanguage":"en-US","@id":"https:\/\/delfoils.com\/#\/schema\/logo\/image\/","url":"https:\/\/delfoils.com\/wp-content\/uploads\/2025\/05\/favicon.png","contentUrl":"https:\/\/delfoils.com\/wp-content\/uploads\/2025\/05\/favicon.png","width":270,"height":270,"caption":"Delfoils"},"image":{"@id":"https:\/\/delfoils.com\/#\/schema\/logo\/image\/"},"sameAs":["https:\/\/es.linkedin.com\/company\/delfoils"]}]}},"_links":{"self":[{"href":"https:\/\/delfoils.com\/en\/wp-json\/wp\/v2\/product\/1042","targetHints":{"allow":["GET"]}}],"collection":[{"href":"https:\/\/delfoils.com\/en\/wp-json\/wp\/v2\/product"}],"about":[{"href":"https:\/\/delfoils.com\/en\/wp-json\/wp\/v2\/types\/product"}],"replies":[{"embeddable":true,"href":"https:\/\/delfoils.com\/en\/wp-json\/wp\/v2\/comments?post=1042"}],"wp:featuredmedia":[{"embeddable":true,"href":"https:\/\/delfoils.com\/en\/wp-json\/wp\/v2\/media\/837"}],"wp:attachment":[{"href":"https:\/\/delfoils.com\/en\/wp-json\/wp\/v2\/media?parent=1042"}],"wp:term":[{"taxonomy":"product_brand","embeddable":true,"href":"https:\/\/delfoils.com\/en\/wp-json\/wp\/v2\/product_brand?post=1042"},{"taxonomy":"product_cat","embeddable":true,"href":"https:\/\/delfoils.com\/en\/wp-json\/wp\/v2\/product_cat?post=1042"},{"taxonomy":"product_tag","embeddable":true,"href":"https:\/\/delfoils.com\/en\/wp-json\/wp\/v2\/product_tag?post=1042"},{"taxonomy":"servicio","embeddable":true,"href":"https:\/\/delfoils.com\/en\/wp-json\/wp\/v2\/servicio?post=1042"}],"curies":[{"name":"wp","href":"https:\/\/api.w.org\/{rel}","templated":true}]}}