{"id":1057,"date":"2025-05-30T08:22:25","date_gmt":"2025-05-30T06:22:25","guid":{"rendered":"https:\/\/delfoils.com\/producto\/help-the-oceans-camiseta\/"},"modified":"2025-07-03T09:55:32","modified_gmt":"2025-07-03T07:55:32","slug":"help-the-oceans-camiseta","status":"publish","type":"product","link":"https:\/\/delfoils.com\/ca\/producto\/help-the-oceans-camiseta\/","title":{"rendered":"Help the oceans &#8211; Samarreta"},"content":{"rendered":"<p data-start=\"235\" data-end=\"278\"><strong data-start=\"235\" data-end=\"278\">Vesteix-te amb consci\u00e8ncia. Pensa en blau. <\/strong><\/p>\n<p data-start=\"280\" data-end=\"484\">A DELFOILS, protegir l&#8217;oce\u00e0 \u00e9s part de la nostra ess\u00e8ncia. Per aix\u00f2 ens unim a marques que pensen com nosaltres, com ara <strong data-start=\"401\" data-end=\"415\">Yum Design<\/strong>, creadors d&#8217;aquesta samarreta amb \u00e0nima activista i cor sostenible. <\/p>\n<p data-start=\"486\" data-end=\"667\">Dissenyada per als qui senten el mar com la seva llar, aquesta pe\u00e7a est\u00e0 confeccionada amb <strong data-start=\"573\" data-end=\"598\">100% cot\u00f3 org\u00e0nic<\/strong>, sota estrictes est\u00e0ndards socials i mediambientals certificats.<\/p>\n<ul>\n<li data-start=\"669\" data-end=\"879\">Producci\u00f3 responsable sense qu\u00edmics t\u00f2xics i amb tractament d&#8217;aig\u00fces<\/li>\n<li data-start=\"669\" data-end=\"879\">Alta durabilitat, materials biodegradables<\/li>\n<li data-start=\"669\" data-end=\"879\">Treball digne: sense explotaci\u00f3, sense discriminaci\u00f3, sense feines prec\u00e0ries<\/li>\n<\/ul>\n<p data-start=\"881\" data-end=\"990\">Porta-la per entrenar, per passejar per la costa o per recordar al m\u00f3n que el <strong data-start=\"960\" data-end=\"989\">canvi comen\u00e7a amb tu<\/strong>.<\/p>\n","protected":false},"excerpt":{"rendered":"<p>Vesteix-te amb consci\u00e8ncia. Pensa en blau. A DELFOILS, protegir l&#8217;oce\u00e0 \u00e9s part de la nostra ess\u00e8ncia. Per aix\u00f2 ens unim a marques que pensen com nosaltres, com ara Yum Design, creadors d&#8217;aquesta samarreta amb \u00e0nima activista i cor sostenible. Dissenyada per als qui senten el mar com la seva llar, aquesta pe\u00e7a est\u00e0 confeccionada amb [&hellip;]<\/p>\n","protected":false},"featured_media":830,"comment_status":"open","ping_status":"closed","template":"","meta":[],"product_brand":[],"product_cat":[50],"product_tag":[],"servicio":[48],"class_list":{"0":"post-1057","1":"product","2":"type-product","3":"status-publish","4":"has-post-thumbnail","6":"product_cat-merchandising-ca","7":"servicio-compra-ca","9":"first","10":"instock","11":"taxable","12":"shipping-taxable","13":"purchasable","14":"product-type-simple"},"yoast_head":"<!-- This site is optimized with the Yoast SEO plugin v27.2 - https:\/\/yoast.com\/product\/yoast-seo-wordpress\/ -->\n<title>Help the oceans - Samarreta - Delfoils<\/title>\n<meta name=\"robots\" content=\"index, follow, max-snippet:-1, max-image-preview:large, max-video-preview:-1\" \/>\n<link rel=\"canonical\" href=\"https:\/\/delfoils.com\/ca\/producto\/help-the-oceans-camiseta\/\" \/>\n<meta property=\"og:locale\" content=\"ca_ES\" \/>\n<meta property=\"og:type\" content=\"article\" \/>\n<meta property=\"og:title\" content=\"Help the oceans - Samarreta - Delfoils\" \/>\n<meta property=\"og:description\" content=\"Vesteix-te amb consci\u00e8ncia. Pensa en blau. A DELFOILS, protegir l&#8217;oce\u00e0 \u00e9s part de la nostra ess\u00e8ncia. Per aix\u00f2 ens unim a marques que pensen com nosaltres, com ara Yum Design, creadors d&#8217;aquesta samarreta amb \u00e0nima activista i cor sostenible. Dissenyada per als qui senten el mar com la seva llar, aquesta pe\u00e7a est\u00e0 confeccionada amb [&hellip;]\" \/>\n<meta property=\"og:url\" content=\"https:\/\/delfoils.com\/ca\/producto\/help-the-oceans-camiseta\/\" \/>\n<meta property=\"og:site_name\" content=\"Delfoils\" \/>\n<meta property=\"article:modified_time\" content=\"2025-07-03T07:55:32+00:00\" \/>\n<meta property=\"og:image\" content=\"https:\/\/delfoils.com\/wp-content\/uploads\/2025\/05\/3.jpg\" \/>\n\t<meta property=\"og:image:width\" content=\"1200\" \/>\n\t<meta property=\"og:image:height\" content=\"1500\" \/>\n\t<meta property=\"og:image:type\" content=\"image\/jpeg\" \/>\n<meta name=\"twitter:card\" content=\"summary_large_image\" \/>\n<meta name=\"twitter:label1\" content=\"Temps estimat de lectura\" \/>\n\t<meta name=\"twitter:data1\" content=\"1 minut\" \/>\n<script type=\"application\/ld+json\" class=\"yoast-schema-graph\">{\"@context\":\"https:\/\/schema.org\",\"@graph\":[{\"@type\":\"WebPage\",\"@id\":\"https:\/\/delfoils.com\/ca\/producto\/help-the-oceans-camiseta\/\",\"url\":\"https:\/\/delfoils.com\/ca\/producto\/help-the-oceans-camiseta\/\",\"name\":\"Help the oceans - Samarreta - Delfoils\",\"isPartOf\":{\"@id\":\"https:\/\/delfoils.com\/#website\"},\"primaryImageOfPage\":{\"@id\":\"https:\/\/delfoils.com\/ca\/producto\/help-the-oceans-camiseta\/#primaryimage\"},\"image\":{\"@id\":\"https:\/\/delfoils.com\/ca\/producto\/help-the-oceans-camiseta\/#primaryimage\"},\"thumbnailUrl\":\"https:\/\/delfoils.com\/wp-content\/uploads\/2025\/05\/3.jpg\",\"datePublished\":\"2025-05-30T06:22:25+00:00\",\"dateModified\":\"2025-07-03T07:55:32+00:00\",\"breadcrumb\":{\"@id\":\"https:\/\/delfoils.com\/ca\/producto\/help-the-oceans-camiseta\/#breadcrumb\"},\"inLanguage\":\"ca\",\"potentialAction\":[{\"@type\":\"ReadAction\",\"target\":[\"https:\/\/delfoils.com\/ca\/producto\/help-the-oceans-camiseta\/\"]}]},{\"@type\":\"ImageObject\",\"inLanguage\":\"ca\",\"@id\":\"https:\/\/delfoils.com\/ca\/producto\/help-the-oceans-camiseta\/#primaryimage\",\"url\":\"https:\/\/delfoils.com\/wp-content\/uploads\/2025\/05\/3.jpg\",\"contentUrl\":\"https:\/\/delfoils.com\/wp-content\/uploads\/2025\/05\/3.jpg\",\"width\":1200,\"height\":1500,\"caption\":\"Camiseta Help The Ocean\"},{\"@type\":\"BreadcrumbList\",\"@id\":\"https:\/\/delfoils.com\/ca\/producto\/help-the-oceans-camiseta\/#breadcrumb\",\"itemListElement\":[{\"@type\":\"ListItem\",\"position\":1,\"name\":\"Portada\",\"item\":\"https:\/\/delfoils.com\/ca\/\"},{\"@type\":\"ListItem\",\"position\":2,\"name\":\"Tienda\",\"item\":\"https:\/\/delfoils.com\/ca\/tienda\/\"},{\"@type\":\"ListItem\",\"position\":3,\"name\":\"Help the oceans &#8211; Samarreta\"}]},{\"@type\":\"WebSite\",\"@id\":\"https:\/\/delfoils.com\/#website\",\"url\":\"https:\/\/delfoils.com\/\",\"name\":\"Delfoils\",\"description\":\"\",\"publisher\":{\"@id\":\"https:\/\/delfoils.com\/#organization\"},\"potentialAction\":[{\"@type\":\"SearchAction\",\"target\":{\"@type\":\"EntryPoint\",\"urlTemplate\":\"https:\/\/delfoils.com\/?s={search_term_string}\"},\"query-input\":{\"@type\":\"PropertyValueSpecification\",\"valueRequired\":true,\"valueName\":\"search_term_string\"}}],\"inLanguage\":\"ca\"},{\"@type\":\"Organization\",\"@id\":\"https:\/\/delfoils.com\/#organization\",\"name\":\"Delfoils\",\"url\":\"https:\/\/delfoils.com\/\",\"logo\":{\"@type\":\"ImageObject\",\"inLanguage\":\"ca\",\"@id\":\"https:\/\/delfoils.com\/#\/schema\/logo\/image\/\",\"url\":\"https:\/\/delfoils.com\/wp-content\/uploads\/2025\/05\/favicon.png\",\"contentUrl\":\"https:\/\/delfoils.com\/wp-content\/uploads\/2025\/05\/favicon.png\",\"width\":270,\"height\":270,\"caption\":\"Delfoils\"},\"image\":{\"@id\":\"https:\/\/delfoils.com\/#\/schema\/logo\/image\/\"},\"sameAs\":[\"https:\/\/es.linkedin.com\/company\/delfoils\"]}]}<\/script>\n<!-- \/ Yoast SEO plugin. -->","yoast_head_json":{"title":"Help the oceans - Samarreta - Delfoils","robots":{"index":"index","follow":"follow","max-snippet":"max-snippet:-1","max-image-preview":"max-image-preview:large","max-video-preview":"max-video-preview:-1"},"canonical":"https:\/\/delfoils.com\/ca\/producto\/help-the-oceans-camiseta\/","og_locale":"ca_ES","og_type":"article","og_title":"Help the oceans - Samarreta - Delfoils","og_description":"Vesteix-te amb consci\u00e8ncia. Pensa en blau. A DELFOILS, protegir l&#8217;oce\u00e0 \u00e9s part de la nostra ess\u00e8ncia. Per aix\u00f2 ens unim a marques que pensen com nosaltres, com ara Yum Design, creadors d&#8217;aquesta samarreta amb \u00e0nima activista i cor sostenible. Dissenyada per als qui senten el mar com la seva llar, aquesta pe\u00e7a est\u00e0 confeccionada amb [&hellip;]","og_url":"https:\/\/delfoils.com\/ca\/producto\/help-the-oceans-camiseta\/","og_site_name":"Delfoils","article_modified_time":"2025-07-03T07:55:32+00:00","og_image":[{"width":1200,"height":1500,"url":"https:\/\/delfoils.com\/wp-content\/uploads\/2025\/05\/3.jpg","type":"image\/jpeg"}],"twitter_card":"summary_large_image","twitter_misc":{"Temps estimat de lectura":"1 minut"},"schema":{"@context":"https:\/\/schema.org","@graph":[{"@type":"WebPage","@id":"https:\/\/delfoils.com\/ca\/producto\/help-the-oceans-camiseta\/","url":"https:\/\/delfoils.com\/ca\/producto\/help-the-oceans-camiseta\/","name":"Help the oceans - Samarreta - Delfoils","isPartOf":{"@id":"https:\/\/delfoils.com\/#website"},"primaryImageOfPage":{"@id":"https:\/\/delfoils.com\/ca\/producto\/help-the-oceans-camiseta\/#primaryimage"},"image":{"@id":"https:\/\/delfoils.com\/ca\/producto\/help-the-oceans-camiseta\/#primaryimage"},"thumbnailUrl":"https:\/\/delfoils.com\/wp-content\/uploads\/2025\/05\/3.jpg","datePublished":"2025-05-30T06:22:25+00:00","dateModified":"2025-07-03T07:55:32+00:00","breadcrumb":{"@id":"https:\/\/delfoils.com\/ca\/producto\/help-the-oceans-camiseta\/#breadcrumb"},"inLanguage":"ca","potentialAction":[{"@type":"ReadAction","target":["https:\/\/delfoils.com\/ca\/producto\/help-the-oceans-camiseta\/"]}]},{"@type":"ImageObject","inLanguage":"ca","@id":"https:\/\/delfoils.com\/ca\/producto\/help-the-oceans-camiseta\/#primaryimage","url":"https:\/\/delfoils.com\/wp-content\/uploads\/2025\/05\/3.jpg","contentUrl":"https:\/\/delfoils.com\/wp-content\/uploads\/2025\/05\/3.jpg","width":1200,"height":1500,"caption":"Camiseta Help The Ocean"},{"@type":"BreadcrumbList","@id":"https:\/\/delfoils.com\/ca\/producto\/help-the-oceans-camiseta\/#breadcrumb","itemListElement":[{"@type":"ListItem","position":1,"name":"Portada","item":"https:\/\/delfoils.com\/ca\/"},{"@type":"ListItem","position":2,"name":"Tienda","item":"https:\/\/delfoils.com\/ca\/tienda\/"},{"@type":"ListItem","position":3,"name":"Help the oceans &#8211; Samarreta"}]},{"@type":"WebSite","@id":"https:\/\/delfoils.com\/#website","url":"https:\/\/delfoils.com\/","name":"Delfoils","description":"","publisher":{"@id":"https:\/\/delfoils.com\/#organization"},"potentialAction":[{"@type":"SearchAction","target":{"@type":"EntryPoint","urlTemplate":"https:\/\/delfoils.com\/?s={search_term_string}"},"query-input":{"@type":"PropertyValueSpecification","valueRequired":true,"valueName":"search_term_string"}}],"inLanguage":"ca"},{"@type":"Organization","@id":"https:\/\/delfoils.com\/#organization","name":"Delfoils","url":"https:\/\/delfoils.com\/","logo":{"@type":"ImageObject","inLanguage":"ca","@id":"https:\/\/delfoils.com\/#\/schema\/logo\/image\/","url":"https:\/\/delfoils.com\/wp-content\/uploads\/2025\/05\/favicon.png","contentUrl":"https:\/\/delfoils.com\/wp-content\/uploads\/2025\/05\/favicon.png","width":270,"height":270,"caption":"Delfoils"},"image":{"@id":"https:\/\/delfoils.com\/#\/schema\/logo\/image\/"},"sameAs":["https:\/\/es.linkedin.com\/company\/delfoils"]}]}},"_links":{"self":[{"href":"https:\/\/delfoils.com\/ca\/wp-json\/wp\/v2\/product\/1057","targetHints":{"allow":["GET"]}}],"collection":[{"href":"https:\/\/delfoils.com\/ca\/wp-json\/wp\/v2\/product"}],"about":[{"href":"https:\/\/delfoils.com\/ca\/wp-json\/wp\/v2\/types\/product"}],"replies":[{"embeddable":true,"href":"https:\/\/delfoils.com\/ca\/wp-json\/wp\/v2\/comments?post=1057"}],"wp:featuredmedia":[{"embeddable":true,"href":"https:\/\/delfoils.com\/ca\/wp-json\/wp\/v2\/media\/830"}],"wp:attachment":[{"href":"https:\/\/delfoils.com\/ca\/wp-json\/wp\/v2\/media?parent=1057"}],"wp:term":[{"taxonomy":"product_brand","embeddable":true,"href":"https:\/\/delfoils.com\/ca\/wp-json\/wp\/v2\/product_brand?post=1057"},{"taxonomy":"product_cat","embeddable":true,"href":"https:\/\/delfoils.com\/ca\/wp-json\/wp\/v2\/product_cat?post=1057"},{"taxonomy":"product_tag","embeddable":true,"href":"https:\/\/delfoils.com\/ca\/wp-json\/wp\/v2\/product_tag?post=1057"},{"taxonomy":"servicio","embeddable":true,"href":"https:\/\/delfoils.com\/ca\/wp-json\/wp\/v2\/servicio?post=1057"}],"curies":[{"name":"wp","href":"https:\/\/api.w.org\/{rel}","templated":true}]}}