{"id":1041,"date":"2025-05-30T08:22:07","date_gmt":"2025-05-30T06:22:07","guid":{"rendered":"https:\/\/delfoils.com\/producto\/climate-change-hater-camiseta\/"},"modified":"2025-07-03T09:53:32","modified_gmt":"2025-07-03T07:53:32","slug":"climate-change-hater-samarreta","status":"publish","type":"product","link":"https:\/\/delfoils.com\/ca\/producto\/climate-change-hater-samarreta\/","title":{"rendered":"Climate change hater \u2013 Samarreta"},"content":{"rendered":"<p data-start=\"215\" data-end=\"263\"><strong data-start=\"215\" data-end=\"263\">No \u00e9s nom\u00e9s una samarreta. \u00c9s una declaraci\u00f3. <\/strong><\/p>\n<p data-start=\"265\" data-end=\"455\">A DELFOILS creiem en un estil de vida que respecta el mar, la terra i les persones. Per aix\u00f2 aquesta samarreta de <strong data-start=\"379\" data-end=\"393\">Yum Design<\/strong> forma part de la nostra selecci\u00f3 de productes amb consci\u00e8ncia. <\/p>\n<p data-start=\"457\" data-end=\"613\">Feta amb <strong data-start=\"467\" data-end=\"492\">100% cot\u00f3 org\u00e0nic<\/strong>, aquesta pe\u00e7a no nom\u00e9s t&#8217;acompanya en els teus dies de surf, p\u00e0del o skate: tamb\u00e9 parla de qui ets i del que defenses.<\/p>\n<p><strong data-start=\"615\" data-end=\"653\">Certificada \u00e8ticament i ambientalment<\/strong>, des del cultiu fins a la confecci\u00f3:<\/p>\n<ul>\n<li data-start=\"615\" data-end=\"911\">Producci\u00f3 lliure de t\u00f2xics i respectuosa amb el medi ambient<\/li>\n<li data-start=\"615\" data-end=\"911\">Sense explotaci\u00f3 laboral, sense discriminaci\u00f3 i sense feina infantil<\/li>\n<li data-start=\"615\" data-end=\"911\">Pensada per durar, amb materials biodegradables i processos sostenibles<\/li>\n<\/ul>\n<p data-start=\"915\" data-end=\"973\"><strong data-start=\"980\" data-end=\"1088\">Una pe\u00e7a original de Yum Design, seleccionada per DELFOILS pel seu impacte positiu i el seu missatge clar.<\/strong><\/p>\n","protected":false},"excerpt":{"rendered":"<p>No \u00e9s nom\u00e9s una samarreta. \u00c9s una declaraci\u00f3. A DELFOILS creiem en un estil de vida que respecta el mar, la terra i les persones. Per aix\u00f2 aquesta samarreta de Yum Design forma part de la nostra selecci\u00f3 de productes amb consci\u00e8ncia. Feta amb 100% cot\u00f3 org\u00e0nic, aquesta pe\u00e7a no nom\u00e9s t&#8217;acompanya en els teus [&hellip;]<\/p>\n","protected":false},"featured_media":836,"comment_status":"open","ping_status":"closed","template":"","meta":[],"product_brand":[],"product_cat":[50],"product_tag":[],"servicio":[48],"class_list":{"0":"post-1041","1":"product","2":"type-product","3":"status-publish","4":"has-post-thumbnail","6":"product_cat-merchandising-ca","7":"servicio-compra-ca","9":"first","10":"instock","11":"taxable","12":"shipping-taxable","13":"purchasable","14":"product-type-simple"},"yoast_head":"<!-- This site is optimized with the Yoast SEO plugin v27.2 - https:\/\/yoast.com\/product\/yoast-seo-wordpress\/ -->\n<title>Climate change hater \u2013 Samarreta - Delfoils<\/title>\n<meta name=\"robots\" content=\"index, follow, max-snippet:-1, max-image-preview:large, max-video-preview:-1\" \/>\n<link rel=\"canonical\" href=\"https:\/\/delfoils.com\/ca\/producto\/climate-change-hater-samarreta\/\" \/>\n<meta property=\"og:locale\" content=\"ca_ES\" \/>\n<meta property=\"og:type\" content=\"article\" \/>\n<meta property=\"og:title\" content=\"Climate change hater \u2013 Samarreta - Delfoils\" \/>\n<meta property=\"og:description\" content=\"No \u00e9s nom\u00e9s una samarreta. \u00c9s una declaraci\u00f3. A DELFOILS creiem en un estil de vida que respecta el mar, la terra i les persones. Per aix\u00f2 aquesta samarreta de Yum Design forma part de la nostra selecci\u00f3 de productes amb consci\u00e8ncia. Feta amb 100% cot\u00f3 org\u00e0nic, aquesta pe\u00e7a no nom\u00e9s t&#8217;acompanya en els teus [&hellip;]\" \/>\n<meta property=\"og:url\" content=\"https:\/\/delfoils.com\/ca\/producto\/climate-change-hater-samarreta\/\" \/>\n<meta property=\"og:site_name\" content=\"Delfoils\" \/>\n<meta property=\"article:modified_time\" content=\"2025-07-03T07:53:32+00:00\" \/>\n<meta property=\"og:image\" content=\"https:\/\/delfoils.com\/wp-content\/uploads\/2025\/05\/7.jpg\" \/>\n\t<meta property=\"og:image:width\" content=\"1200\" \/>\n\t<meta property=\"og:image:height\" content=\"1500\" \/>\n\t<meta property=\"og:image:type\" content=\"image\/jpeg\" \/>\n<meta name=\"twitter:card\" content=\"summary_large_image\" \/>\n<meta name=\"twitter:label1\" content=\"Temps estimat de lectura\" \/>\n\t<meta name=\"twitter:data1\" content=\"1 minut\" \/>\n<script type=\"application\/ld+json\" class=\"yoast-schema-graph\">{\"@context\":\"https:\/\/schema.org\",\"@graph\":[{\"@type\":\"WebPage\",\"@id\":\"https:\/\/delfoils.com\/ca\/producto\/climate-change-hater-samarreta\/\",\"url\":\"https:\/\/delfoils.com\/ca\/producto\/climate-change-hater-samarreta\/\",\"name\":\"Climate change hater \u2013 Samarreta - Delfoils\",\"isPartOf\":{\"@id\":\"https:\/\/delfoils.com\/#website\"},\"primaryImageOfPage\":{\"@id\":\"https:\/\/delfoils.com\/ca\/producto\/climate-change-hater-samarreta\/#primaryimage\"},\"image\":{\"@id\":\"https:\/\/delfoils.com\/ca\/producto\/climate-change-hater-samarreta\/#primaryimage\"},\"thumbnailUrl\":\"https:\/\/delfoils.com\/wp-content\/uploads\/2025\/05\/7.jpg\",\"datePublished\":\"2025-05-30T06:22:07+00:00\",\"dateModified\":\"2025-07-03T07:53:32+00:00\",\"breadcrumb\":{\"@id\":\"https:\/\/delfoils.com\/ca\/producto\/climate-change-hater-samarreta\/#breadcrumb\"},\"inLanguage\":\"ca\",\"potentialAction\":[{\"@type\":\"ReadAction\",\"target\":[\"https:\/\/delfoils.com\/ca\/producto\/climate-change-hater-samarreta\/\"]}]},{\"@type\":\"ImageObject\",\"inLanguage\":\"ca\",\"@id\":\"https:\/\/delfoils.com\/ca\/producto\/climate-change-hater-samarreta\/#primaryimage\",\"url\":\"https:\/\/delfoils.com\/wp-content\/uploads\/2025\/05\/7.jpg\",\"contentUrl\":\"https:\/\/delfoils.com\/wp-content\/uploads\/2025\/05\/7.jpg\",\"width\":1200,\"height\":1500,\"caption\":\"Camiseta Climate Change Hater\"},{\"@type\":\"BreadcrumbList\",\"@id\":\"https:\/\/delfoils.com\/ca\/producto\/climate-change-hater-samarreta\/#breadcrumb\",\"itemListElement\":[{\"@type\":\"ListItem\",\"position\":1,\"name\":\"Portada\",\"item\":\"https:\/\/delfoils.com\/ca\/\"},{\"@type\":\"ListItem\",\"position\":2,\"name\":\"Tienda\",\"item\":\"https:\/\/delfoils.com\/ca\/tienda\/\"},{\"@type\":\"ListItem\",\"position\":3,\"name\":\"Climate change hater \u2013 Samarreta\"}]},{\"@type\":\"WebSite\",\"@id\":\"https:\/\/delfoils.com\/#website\",\"url\":\"https:\/\/delfoils.com\/\",\"name\":\"Delfoils\",\"description\":\"\",\"publisher\":{\"@id\":\"https:\/\/delfoils.com\/#organization\"},\"potentialAction\":[{\"@type\":\"SearchAction\",\"target\":{\"@type\":\"EntryPoint\",\"urlTemplate\":\"https:\/\/delfoils.com\/?s={search_term_string}\"},\"query-input\":{\"@type\":\"PropertyValueSpecification\",\"valueRequired\":true,\"valueName\":\"search_term_string\"}}],\"inLanguage\":\"ca\"},{\"@type\":\"Organization\",\"@id\":\"https:\/\/delfoils.com\/#organization\",\"name\":\"Delfoils\",\"url\":\"https:\/\/delfoils.com\/\",\"logo\":{\"@type\":\"ImageObject\",\"inLanguage\":\"ca\",\"@id\":\"https:\/\/delfoils.com\/#\/schema\/logo\/image\/\",\"url\":\"https:\/\/delfoils.com\/wp-content\/uploads\/2025\/05\/favicon.png\",\"contentUrl\":\"https:\/\/delfoils.com\/wp-content\/uploads\/2025\/05\/favicon.png\",\"width\":270,\"height\":270,\"caption\":\"Delfoils\"},\"image\":{\"@id\":\"https:\/\/delfoils.com\/#\/schema\/logo\/image\/\"},\"sameAs\":[\"https:\/\/es.linkedin.com\/company\/delfoils\"]}]}<\/script>\n<!-- \/ Yoast SEO plugin. -->","yoast_head_json":{"title":"Climate change hater \u2013 Samarreta - Delfoils","robots":{"index":"index","follow":"follow","max-snippet":"max-snippet:-1","max-image-preview":"max-image-preview:large","max-video-preview":"max-video-preview:-1"},"canonical":"https:\/\/delfoils.com\/ca\/producto\/climate-change-hater-samarreta\/","og_locale":"ca_ES","og_type":"article","og_title":"Climate change hater \u2013 Samarreta - Delfoils","og_description":"No \u00e9s nom\u00e9s una samarreta. \u00c9s una declaraci\u00f3. A DELFOILS creiem en un estil de vida que respecta el mar, la terra i les persones. Per aix\u00f2 aquesta samarreta de Yum Design forma part de la nostra selecci\u00f3 de productes amb consci\u00e8ncia. Feta amb 100% cot\u00f3 org\u00e0nic, aquesta pe\u00e7a no nom\u00e9s t&#8217;acompanya en els teus [&hellip;]","og_url":"https:\/\/delfoils.com\/ca\/producto\/climate-change-hater-samarreta\/","og_site_name":"Delfoils","article_modified_time":"2025-07-03T07:53:32+00:00","og_image":[{"width":1200,"height":1500,"url":"https:\/\/delfoils.com\/wp-content\/uploads\/2025\/05\/7.jpg","type":"image\/jpeg"}],"twitter_card":"summary_large_image","twitter_misc":{"Temps estimat de lectura":"1 minut"},"schema":{"@context":"https:\/\/schema.org","@graph":[{"@type":"WebPage","@id":"https:\/\/delfoils.com\/ca\/producto\/climate-change-hater-samarreta\/","url":"https:\/\/delfoils.com\/ca\/producto\/climate-change-hater-samarreta\/","name":"Climate change hater \u2013 Samarreta - Delfoils","isPartOf":{"@id":"https:\/\/delfoils.com\/#website"},"primaryImageOfPage":{"@id":"https:\/\/delfoils.com\/ca\/producto\/climate-change-hater-samarreta\/#primaryimage"},"image":{"@id":"https:\/\/delfoils.com\/ca\/producto\/climate-change-hater-samarreta\/#primaryimage"},"thumbnailUrl":"https:\/\/delfoils.com\/wp-content\/uploads\/2025\/05\/7.jpg","datePublished":"2025-05-30T06:22:07+00:00","dateModified":"2025-07-03T07:53:32+00:00","breadcrumb":{"@id":"https:\/\/delfoils.com\/ca\/producto\/climate-change-hater-samarreta\/#breadcrumb"},"inLanguage":"ca","potentialAction":[{"@type":"ReadAction","target":["https:\/\/delfoils.com\/ca\/producto\/climate-change-hater-samarreta\/"]}]},{"@type":"ImageObject","inLanguage":"ca","@id":"https:\/\/delfoils.com\/ca\/producto\/climate-change-hater-samarreta\/#primaryimage","url":"https:\/\/delfoils.com\/wp-content\/uploads\/2025\/05\/7.jpg","contentUrl":"https:\/\/delfoils.com\/wp-content\/uploads\/2025\/05\/7.jpg","width":1200,"height":1500,"caption":"Camiseta Climate Change Hater"},{"@type":"BreadcrumbList","@id":"https:\/\/delfoils.com\/ca\/producto\/climate-change-hater-samarreta\/#breadcrumb","itemListElement":[{"@type":"ListItem","position":1,"name":"Portada","item":"https:\/\/delfoils.com\/ca\/"},{"@type":"ListItem","position":2,"name":"Tienda","item":"https:\/\/delfoils.com\/ca\/tienda\/"},{"@type":"ListItem","position":3,"name":"Climate change hater \u2013 Samarreta"}]},{"@type":"WebSite","@id":"https:\/\/delfoils.com\/#website","url":"https:\/\/delfoils.com\/","name":"Delfoils","description":"","publisher":{"@id":"https:\/\/delfoils.com\/#organization"},"potentialAction":[{"@type":"SearchAction","target":{"@type":"EntryPoint","urlTemplate":"https:\/\/delfoils.com\/?s={search_term_string}"},"query-input":{"@type":"PropertyValueSpecification","valueRequired":true,"valueName":"search_term_string"}}],"inLanguage":"ca"},{"@type":"Organization","@id":"https:\/\/delfoils.com\/#organization","name":"Delfoils","url":"https:\/\/delfoils.com\/","logo":{"@type":"ImageObject","inLanguage":"ca","@id":"https:\/\/delfoils.com\/#\/schema\/logo\/image\/","url":"https:\/\/delfoils.com\/wp-content\/uploads\/2025\/05\/favicon.png","contentUrl":"https:\/\/delfoils.com\/wp-content\/uploads\/2025\/05\/favicon.png","width":270,"height":270,"caption":"Delfoils"},"image":{"@id":"https:\/\/delfoils.com\/#\/schema\/logo\/image\/"},"sameAs":["https:\/\/es.linkedin.com\/company\/delfoils"]}]}},"_links":{"self":[{"href":"https:\/\/delfoils.com\/ca\/wp-json\/wp\/v2\/product\/1041","targetHints":{"allow":["GET"]}}],"collection":[{"href":"https:\/\/delfoils.com\/ca\/wp-json\/wp\/v2\/product"}],"about":[{"href":"https:\/\/delfoils.com\/ca\/wp-json\/wp\/v2\/types\/product"}],"replies":[{"embeddable":true,"href":"https:\/\/delfoils.com\/ca\/wp-json\/wp\/v2\/comments?post=1041"}],"wp:featuredmedia":[{"embeddable":true,"href":"https:\/\/delfoils.com\/ca\/wp-json\/wp\/v2\/media\/836"}],"wp:attachment":[{"href":"https:\/\/delfoils.com\/ca\/wp-json\/wp\/v2\/media?parent=1041"}],"wp:term":[{"taxonomy":"product_brand","embeddable":true,"href":"https:\/\/delfoils.com\/ca\/wp-json\/wp\/v2\/product_brand?post=1041"},{"taxonomy":"product_cat","embeddable":true,"href":"https:\/\/delfoils.com\/ca\/wp-json\/wp\/v2\/product_cat?post=1041"},{"taxonomy":"product_tag","embeddable":true,"href":"https:\/\/delfoils.com\/ca\/wp-json\/wp\/v2\/product_tag?post=1041"},{"taxonomy":"servicio","embeddable":true,"href":"https:\/\/delfoils.com\/ca\/wp-json\/wp\/v2\/servicio?post=1041"}],"curies":[{"name":"wp","href":"https:\/\/api.w.org\/{rel}","templated":true}]}}