{"id":1081,"date":"2025-05-20T07:44:12","date_gmt":"2025-05-20T05:44:12","guid":{"rendered":"https:\/\/delfoils.com\/politica-de-privacidad\/"},"modified":"2025-06-20T11:51:23","modified_gmt":"2025-06-20T09:51:23","slug":"politica-de-privadesa","status":"publish","type":"page","link":"https:\/\/delfoils.com\/ca\/politica-de-privadesa\/","title":{"rendered":"Pol\u00edtica de Privadesa"},"content":{"rendered":"\n<p>En aquesta Pol\u00edtica de Privadesa trobar\u00e0s tota la informaci\u00f3 relativa a l&#8217;\u00fas que fem de les dades personals que utilitzis per interactuar amb nosaltres com a usuari.<\/p>\n\n\n\n<p>Disposes de forma permanent d&#8217;aquesta Pol\u00edtica de Privadesa que pots consultar quan ho consideris oport\u00fa.<\/p>\n\n\n\n<p>Qualsevol dubte que us sorgeixi en la lectura d&#8217;aquesta informaci\u00f3 no dubteu a preguntar-nos a l&#8217;email aechegaray@delfoils.com.<\/p>\n\n\n\n<h3 class=\"wp-block-heading\">Qui som?<\/h3>\n\n\n\n<p>ALFONS ECHEGARAY FIGUERES amb NIF 47997874W i domicili fiscal a GRAN V\u00cdA C.C. 672, 2\u00ba 1A 08010 BARCELONA, ESPANYA, titular de la web https:\/\/delfoils.com i responsable del tractament de les teves dades personals, dels usos i de la protecci\u00f3.<\/p>\n\n\n\n<p>L&#8217;\u00fas dels serveis del Lloc Web, aix\u00ed com l&#8217;adquisici\u00f3 de qualsevol dels productes oferts, suposa la teva acceptaci\u00f3 com a Client, sense reserves de cap mena, de totes les manifestacions contingudes en aquesta Pol\u00edtica de Privadesa i en les Condicions Generals.<\/p>\n\n\n\n<p>El teu registre a la web i l&#8217;\u00fas dels seus serveis comporta que les dades personals que hagis facilitat al formulari d&#8217;alta com a Client passaran a formar part de fitxers per al seu tractament amb la finalitat, legitimaci\u00f3, cessions i per\u00edodes de conservaci\u00f3 que es detalla a continuaci\u00f3, i que declares con\u00e8ixer i acceptar en pr\u00e9mer el bot\u00f3 d&#8217;acci\u00f3 del formulari.<\/p>\n\n\n\n<h3 class=\"wp-block-heading\">Limitacions<\/h3>\n\n\n\n<p>El contingut promocional de la web est\u00e0 adre\u00e7ada a tots els usuaris, per\u00f2 si t&#8217;has de registrar com a client o realitzar alguna compra has de ser m\u00e9s gran.<\/p>\n\n\n\n<h3 class=\"wp-block-heading\">Per a quina finalitat fem servir les teves dades?<\/h3>\n\n\n\n<p>Depenent de com interactu\u00efs a la nostra web, tractarem les teves dades personals per a les seg\u00fcents finalitats:<\/p>\n\n\n\n<p>Atendre les consultes, suggeriments o sol\u00b7licituds que ens facis a trav\u00e9s del web.<\/p>\n\n\n\n<h3 class=\"wp-block-heading\">Quines dades personals us sol\u00b7licitarem?<\/h3>\n\n\n\n<p>A trav\u00e9s del nostre formulari de contacte: Nom, correu electr\u00f2nic i tel\u00e8fon.<\/p>\n\n\n\n<p>A la Pol\u00edtica de cookies podr\u00e0s trobar quin altre tipus d&#8217;informaci\u00f3 recollirem a trav\u00e9s de l&#8217;\u00fas de cookies.<\/p>\n\n\n\n<p>Recorda que totes les dades que et sol\u00b7licitem com a obligat\u00f2ries s\u00f3n els m\u00ednims necessaris per poder prestar-te el servei o permetre&#8217;t l&#8217;acc\u00e9s a determinada funcionalitat de la web. Si decideixes no facilitar aquestes dades \u00e9s possible que no puguis completar el teu registre o no et puguem proporcionar determinats serveis o funcionalitats.<\/p>\n\n\n\n<h3 class=\"wp-block-heading\">\u00bf Per qu\u00e8 fem servir les teves dades?<\/h3>\n\n\n\n<p>La legitimaci\u00f3 per al tractament de les teves dades prov\u00e9 que necessitem tractar-les per executar el contracte que acceptes amb nosaltres en registrar-te i gaudir dels nostres serveis o funcionalitats.<\/p>\n\n\n\n<p>Hi ha altres raons com el nostre inter\u00e8s a atendre les teves consultes o sol\u00b7licituds i el consentiment que ens prestes per poder enviar-te la nostra informaci\u00f3 comercial.<\/p>\n\n\n\n<h3 class=\"wp-block-heading\">Quant de temps conservem les teves dades?<\/h3>\n\n\n\n<p>Les vostres dades personals seran conservades durant el temps que romangui el vostre compte d&#8217;usuari activa. Recorda que la pots cancel\u00b7lar en qualsevol moment mitjan\u00e7ant sol\u00b7licitud a l&#8217;email aechegaray@delfoils.com. Un cop cancel\u00b7lat el compte, les teves dades personals es conservaran bloquejades durant el per\u00edode exigit per la legislaci\u00f3 fiscal per a la prescripci\u00f3 de responsabilitats en cas que hagis efectuat alguna adquisici\u00f3 de productes.<\/p>\n\n\n\n<p>En qualsevol altre cas, les teves dades personals es conservaran durant un per\u00edode de 3 mesos des de la teva decisi\u00f3 de cancel\u00b7laci\u00f3, per si poguessin derivar-se algun tipus de responsabilitats.<\/p>\n\n\n\n<p>Un cop finalitzats els terminis, les dades seran eliminades dels nostres registres.<\/p>\n\n\n\n<h3 class=\"wp-block-heading\">Amb qui compartim les teves dades?<\/h3>\n\n\n\n<p>Per al compliment de les finalitats expressades, les vostres dades personals seran comunicades a prestadors de serveis auxiliars que ens faciliten la gesti\u00f3 o les nostres obligacions legals, com ara empreses de transport, d&#8217;assessoraments fiscal i jur\u00eddic i d&#8217;allotjament web entre d&#8217;altres.<br>Tamb\u00e9 cedirem les teves dades personals a Organismes o Administracions p\u00fabliques a qu\u00e8 estiguem obligats per exig\u00e8ncia legal.<\/p>\n\n\n\n<p>Podeu sol\u00b7licitar una llista d&#8217;aquestes empreses i organisme a trav\u00e9s del nostre email aechegaray@delfoils.com.<\/p>\n\n\n\n<h3 class=\"wp-block-heading\">Quins drets tens sobre les teves dades personals?<\/h3>\n\n\n\n<p>Amb independ\u00e8ncia de la justificaci\u00f3 legal amb qu\u00e8 hem realitzat el tractament de les teves dades personals, tens una s\u00e8rie de drets que pots exercir davant d&#8217;ALFONS ECHEGARAY FIGUERAS, mitjan\u00e7ant comunicaci\u00f3 a l&#8217;email aechegaray@delfoils.com.<\/p>\n\n\n\n<ul class=\"wp-block-list\">\n<li>Quan exerceixis aquest dret de supressi\u00f3, bloquejarem les teves dades personals per a qualsevol tipus de tractament durant el per\u00edode de conservaci\u00f3 que t&#8217;hem indicat m\u00e9s amunt. I una vegada transcorregut aquest procedirem a la seva eliminaci\u00f3 definitiva.<\/li>\n\n\n\n<li>Dret que limitem el tractament de les teves dades, la qual cosa suposa que en determinats casos ens puguis sol\u00b7licitar que suspenguem temporalment el tractament de les dades o que les conservem m\u00e9s enll\u00e0 del temps necessari quan puguis necessitar-lo.<\/li>\n\n\n\n<li>Dret a sol\u00b7licitar la portabilitat de les teves dades personals. Aix\u00f2 significa que tindreu dret a rebre les dades personals que ens heu facilitat en un format estructurat, d&#8217;\u00fas com\u00fa i llegible per una m\u00e0quina, per poder transmetre-ho a una altra entitat directament, sempre que t\u00e8cnicament sigui possible.<\/li>\n\n\n\n<li>Tamb\u00e9 podeu presentar una reclamaci\u00f3 davant l&#8217;autoritat de control en mat\u00e8ria de protecci\u00f3 de dades, en particular, davant l&#8217;Ag\u00e8ncia Espanyola de Protecci\u00f3 de Dades.<\/li>\n<\/ul>\n\n\n\n<h3 class=\"wp-block-heading\">Formulari d&#8217;inici de sessi\u00f3<\/h3>\n\n\n\n<p>En iniciar sessi\u00f3 a l&#8217;administrador de WordPress \u00e9s possible que la vostra adre\u00e7a IP, aix\u00ed com informaci\u00f3 relativa al vostre navegador web quedin registrats pels sistemes de seguretat instal\u00b7lats al lloc web, a fi de prevenir possibles atacs per for\u00e7a bruta. Hi ha fins a 3 intents d&#8217;iniciar sessi\u00f3 abans que l&#8217;adre\u00e7a IP sigui bloquejada.<\/p>\n\n\n\n<h3 class=\"wp-block-heading\">Canvis a la Pol\u00edtica de Privadesa<\/h3>\n\n\n\n<p>\u00c9s possible que adaptem o modifiquem la informaci\u00f3 continguda en aquesta Pol\u00edtica de Privadesa quan ho estimem convenient o incorporem noves funcionalitats a la plataforma que aix\u00ed ho exigeixin.<\/p>\n\n\n\n<p>En cas que ho fem, t&#8217;ho notificarem mitjan\u00e7ant un banner informatiu a la pr\u00f2pia web.<\/p>\n\n\n\n<p>T&#8217;aconsellem revisar peri\u00f2dicament aquesta Pol\u00edtica de Privadesa.<\/p>\n","protected":false},"excerpt":{"rendered":"<p>En aquesta Pol\u00edtica de Privadesa trobar\u00e0s tota la informaci\u00f3 relativa a l&#8217;\u00fas que fem de les dades personals que utilitzis per interactuar amb nosaltres com a usuari. Disposes de forma permanent d&#8217;aquesta Pol\u00edtica de Privadesa que pots consultar quan ho consideris oport\u00fa. Qualsevol dubte que us sorgeixi en la lectura d&#8217;aquesta informaci\u00f3 no dubteu a [&hellip;]<\/p>\n","protected":false},"author":1,"featured_media":0,"parent":0,"menu_order":0,"comment_status":"closed","ping_status":"closed","template":"","meta":{"footnotes":""},"class_list":["post-1081","page","type-page","status-publish","hentry"],"yoast_head":"<!-- This site is optimized with the Yoast SEO plugin v27.2 - https:\/\/yoast.com\/product\/yoast-seo-wordpress\/ -->\n<title>Pol\u00edtica de Privadesa - Delfoils<\/title>\n<meta name=\"robots\" content=\"index, follow, max-snippet:-1, max-image-preview:large, max-video-preview:-1\" \/>\n<link rel=\"canonical\" href=\"https:\/\/delfoils.com\/ca\/politica-de-privadesa\/\" \/>\n<meta property=\"og:locale\" content=\"ca_ES\" \/>\n<meta property=\"og:type\" content=\"article\" \/>\n<meta property=\"og:title\" content=\"Pol\u00edtica de Privadesa - Delfoils\" \/>\n<meta property=\"og:description\" content=\"En aquesta Pol\u00edtica de Privadesa trobar\u00e0s tota la informaci\u00f3 relativa a l&#8217;\u00fas que fem de les dades personals que utilitzis per interactuar amb nosaltres com a usuari. Disposes de forma permanent d&#8217;aquesta Pol\u00edtica de Privadesa que pots consultar quan ho consideris oport\u00fa. Qualsevol dubte que us sorgeixi en la lectura d&#8217;aquesta informaci\u00f3 no dubteu a [&hellip;]\" \/>\n<meta property=\"og:url\" content=\"https:\/\/delfoils.com\/ca\/politica-de-privadesa\/\" \/>\n<meta property=\"og:site_name\" content=\"Delfoils\" \/>\n<meta property=\"article:modified_time\" content=\"2025-06-20T09:51:23+00:00\" \/>\n<meta name=\"twitter:card\" content=\"summary_large_image\" \/>\n<meta name=\"twitter:label1\" content=\"Temps estimat de lectura\" \/>\n\t<meta name=\"twitter:data1\" content=\"5 minuts\" \/>\n<script type=\"application\/ld+json\" class=\"yoast-schema-graph\">{\"@context\":\"https:\/\/schema.org\",\"@graph\":[{\"@type\":\"WebPage\",\"@id\":\"https:\/\/delfoils.com\/ca\/politica-de-privadesa\/\",\"url\":\"https:\/\/delfoils.com\/ca\/politica-de-privadesa\/\",\"name\":\"Pol\u00edtica de Privadesa - Delfoils\",\"isPartOf\":{\"@id\":\"https:\/\/delfoils.com\/#website\"},\"datePublished\":\"2025-05-20T05:44:12+00:00\",\"dateModified\":\"2025-06-20T09:51:23+00:00\",\"breadcrumb\":{\"@id\":\"https:\/\/delfoils.com\/ca\/politica-de-privadesa\/#breadcrumb\"},\"inLanguage\":\"ca\",\"potentialAction\":[{\"@type\":\"ReadAction\",\"target\":[\"https:\/\/delfoils.com\/ca\/politica-de-privadesa\/\"]}]},{\"@type\":\"BreadcrumbList\",\"@id\":\"https:\/\/delfoils.com\/ca\/politica-de-privadesa\/#breadcrumb\",\"itemListElement\":[{\"@type\":\"ListItem\",\"position\":1,\"name\":\"Portada\",\"item\":\"https:\/\/delfoils.com\/ca\/\"},{\"@type\":\"ListItem\",\"position\":2,\"name\":\"Pol\u00edtica de Privadesa\"}]},{\"@type\":\"WebSite\",\"@id\":\"https:\/\/delfoils.com\/#website\",\"url\":\"https:\/\/delfoils.com\/\",\"name\":\"Delfoils\",\"description\":\"\",\"publisher\":{\"@id\":\"https:\/\/delfoils.com\/#organization\"},\"potentialAction\":[{\"@type\":\"SearchAction\",\"target\":{\"@type\":\"EntryPoint\",\"urlTemplate\":\"https:\/\/delfoils.com\/?s={search_term_string}\"},\"query-input\":{\"@type\":\"PropertyValueSpecification\",\"valueRequired\":true,\"valueName\":\"search_term_string\"}}],\"inLanguage\":\"ca\"},{\"@type\":\"Organization\",\"@id\":\"https:\/\/delfoils.com\/#organization\",\"name\":\"Delfoils\",\"url\":\"https:\/\/delfoils.com\/\",\"logo\":{\"@type\":\"ImageObject\",\"inLanguage\":\"ca\",\"@id\":\"https:\/\/delfoils.com\/#\/schema\/logo\/image\/\",\"url\":\"https:\/\/delfoils.com\/wp-content\/uploads\/2025\/05\/favicon.png\",\"contentUrl\":\"https:\/\/delfoils.com\/wp-content\/uploads\/2025\/05\/favicon.png\",\"width\":270,\"height\":270,\"caption\":\"Delfoils\"},\"image\":{\"@id\":\"https:\/\/delfoils.com\/#\/schema\/logo\/image\/\"},\"sameAs\":[\"https:\/\/es.linkedin.com\/company\/delfoils\"]}]}<\/script>\n<!-- \/ Yoast SEO plugin. -->","yoast_head_json":{"title":"Pol\u00edtica de Privadesa - Delfoils","robots":{"index":"index","follow":"follow","max-snippet":"max-snippet:-1","max-image-preview":"max-image-preview:large","max-video-preview":"max-video-preview:-1"},"canonical":"https:\/\/delfoils.com\/ca\/politica-de-privadesa\/","og_locale":"ca_ES","og_type":"article","og_title":"Pol\u00edtica de Privadesa - Delfoils","og_description":"En aquesta Pol\u00edtica de Privadesa trobar\u00e0s tota la informaci\u00f3 relativa a l&#8217;\u00fas que fem de les dades personals que utilitzis per interactuar amb nosaltres com a usuari. Disposes de forma permanent d&#8217;aquesta Pol\u00edtica de Privadesa que pots consultar quan ho consideris oport\u00fa. Qualsevol dubte que us sorgeixi en la lectura d&#8217;aquesta informaci\u00f3 no dubteu a [&hellip;]","og_url":"https:\/\/delfoils.com\/ca\/politica-de-privadesa\/","og_site_name":"Delfoils","article_modified_time":"2025-06-20T09:51:23+00:00","twitter_card":"summary_large_image","twitter_misc":{"Temps estimat de lectura":"5 minuts"},"schema":{"@context":"https:\/\/schema.org","@graph":[{"@type":"WebPage","@id":"https:\/\/delfoils.com\/ca\/politica-de-privadesa\/","url":"https:\/\/delfoils.com\/ca\/politica-de-privadesa\/","name":"Pol\u00edtica de Privadesa - Delfoils","isPartOf":{"@id":"https:\/\/delfoils.com\/#website"},"datePublished":"2025-05-20T05:44:12+00:00","dateModified":"2025-06-20T09:51:23+00:00","breadcrumb":{"@id":"https:\/\/delfoils.com\/ca\/politica-de-privadesa\/#breadcrumb"},"inLanguage":"ca","potentialAction":[{"@type":"ReadAction","target":["https:\/\/delfoils.com\/ca\/politica-de-privadesa\/"]}]},{"@type":"BreadcrumbList","@id":"https:\/\/delfoils.com\/ca\/politica-de-privadesa\/#breadcrumb","itemListElement":[{"@type":"ListItem","position":1,"name":"Portada","item":"https:\/\/delfoils.com\/ca\/"},{"@type":"ListItem","position":2,"name":"Pol\u00edtica de Privadesa"}]},{"@type":"WebSite","@id":"https:\/\/delfoils.com\/#website","url":"https:\/\/delfoils.com\/","name":"Delfoils","description":"","publisher":{"@id":"https:\/\/delfoils.com\/#organization"},"potentialAction":[{"@type":"SearchAction","target":{"@type":"EntryPoint","urlTemplate":"https:\/\/delfoils.com\/?s={search_term_string}"},"query-input":{"@type":"PropertyValueSpecification","valueRequired":true,"valueName":"search_term_string"}}],"inLanguage":"ca"},{"@type":"Organization","@id":"https:\/\/delfoils.com\/#organization","name":"Delfoils","url":"https:\/\/delfoils.com\/","logo":{"@type":"ImageObject","inLanguage":"ca","@id":"https:\/\/delfoils.com\/#\/schema\/logo\/image\/","url":"https:\/\/delfoils.com\/wp-content\/uploads\/2025\/05\/favicon.png","contentUrl":"https:\/\/delfoils.com\/wp-content\/uploads\/2025\/05\/favicon.png","width":270,"height":270,"caption":"Delfoils"},"image":{"@id":"https:\/\/delfoils.com\/#\/schema\/logo\/image\/"},"sameAs":["https:\/\/es.linkedin.com\/company\/delfoils"]}]}},"_links":{"self":[{"href":"https:\/\/delfoils.com\/ca\/wp-json\/wp\/v2\/pages\/1081","targetHints":{"allow":["GET"]}}],"collection":[{"href":"https:\/\/delfoils.com\/ca\/wp-json\/wp\/v2\/pages"}],"about":[{"href":"https:\/\/delfoils.com\/ca\/wp-json\/wp\/v2\/types\/page"}],"author":[{"embeddable":true,"href":"https:\/\/delfoils.com\/ca\/wp-json\/wp\/v2\/users\/1"}],"replies":[{"embeddable":true,"href":"https:\/\/delfoils.com\/ca\/wp-json\/wp\/v2\/comments?post=1081"}],"version-history":[{"count":2,"href":"https:\/\/delfoils.com\/ca\/wp-json\/wp\/v2\/pages\/1081\/revisions"}],"predecessor-version":[{"id":1088,"href":"https:\/\/delfoils.com\/ca\/wp-json\/wp\/v2\/pages\/1081\/revisions\/1088"}],"wp:attachment":[{"href":"https:\/\/delfoils.com\/ca\/wp-json\/wp\/v2\/media?parent=1081"}],"curies":[{"name":"wp","href":"https:\/\/api.w.org\/{rel}","templated":true}]}}