{"id":1076,"date":"2025-05-20T07:44:24","date_gmt":"2025-05-20T05:44:24","guid":{"rendered":"https:\/\/delfoils.com\/politica-de-cookies\/"},"modified":"2025-06-20T10:30:42","modified_gmt":"2025-06-20T08:30:42","slug":"politica-de-cookies","status":"publish","type":"page","link":"https:\/\/delfoils.com\/ca\/politica-de-cookies\/","title":{"rendered":"Pol\u00edtica de cookies"},"content":{"rendered":"\n<h3 class=\"wp-block-heading\">Qu\u00e8 s\u00f3n les cookies?<\/h3>\n\n\n\n<p>Les cookies s\u00f3n petits fitxers de text que s&#8217;emmagatzemen al dispositiu de l&#8217;usuari d&#8217;Internet en visitar una p\u00e0gina web. \u00c9s l&#8217;operador del lloc web el que determina quin tipus d&#8217;informaci\u00f3 cont\u00e9 aquesta galeta i quin \u00e9s el seu prop\u00f2sit, podent a m\u00e9s ser utilitzada pel servidor web cada vegada que visiti aquesta p\u00e0gina. S&#8217;utilitzen les cookies per estalviar temps i fer l&#8217;experi\u00e8ncia de navegaci\u00f3 web molt m\u00e9s eficient. No obstant aix\u00f2, poden ser usades amb diversos prop\u00f2sits diferents com poden recordar la informaci\u00f3 d&#8217;inici de sessi\u00f3 o el que cont\u00e9 la seva comanda de compra.<\/p>\n\n\n\n<h3 class=\"wp-block-heading\">Tipus de cookies segons l&#8217;entitat que les gestioni:<\/h3>\n\n\n\n<ul class=\"wp-block-list\">\n<li>Cookies pr\u00f2pies: s\u00f3n aquelles que s&#8217;envien a l&#8217;equip terminal de l&#8217;usuari des d&#8217;un altre equip o domini gestionat pel mateix editor i des del qual es presta el servei sol\u00b7licitat per aquest usuari.<\/li>\n\n\n\n<li>Cookies de tercers: s\u00f3n aquelles que s&#8217;envien a l&#8217;equip terminal de l&#8217;usuari des d&#8217;un altre equip o domini que no \u00e9s gestionat per l&#8217;editor, sin\u00f3 per una altra entitat que tracta les dades obtingudes a trav\u00e9s de les cookies..<\/li>\n<\/ul>\n\n\n\n<h3 class=\"wp-block-heading\">Tipus de cookies segons el termini de temps que romanen activades:<\/h3>\n\n\n\n<ul class=\"wp-block-list\">\n<li>Cookies de sessi\u00f3: s\u00f3n un tipus de cookies dissenyades per demanar i emmagatzemar dades mentre l&#8217;usuari accedeix a una p\u00e0gina web.<\/li>\n\n\n\n<li>Cookies persistents: s\u00f3n un tipus de cookies on les dades segueixen emmagatzemades al terminal i poden ser accedides i tractades durant un per\u00edode definit pel responsable de la galeta, i que pot anar d&#8217;uns minuts a diversos anys.<\/li>\n<\/ul>\n\n\n\n<h3 class=\"wp-block-heading\">Tipus de cookies segons la finalitat:<\/h3>\n\n\n\n<ul class=\"wp-block-list\">\n<li>Cookies t\u00e8cniques: s\u00f3n aquelles que permeten a l&#8217;usuari la navegaci\u00f3 a trav\u00e9s d&#8217;una p\u00e0gina web, plataforma o aplicaci\u00f3 i la utilitzaci\u00f3 de les diferents opcions o serveis que hi hagi com, per exemple, controlar el tr\u00e0nsit i la comunicaci\u00f3 de dades, identificar la sessi\u00f3, accedir a parts d&#8217;acc\u00e9s restringit, recordar els elements que integren una comanda, realitzar el proc\u00e9s de compra d&#8217;un esdeveniment per emmagatzemar la comanda, fer la sol\u00b7licitud d&#8217;inscripci\u00f3 o participaci\u00f3 de v\u00eddeos o so o compartir contingut a trav\u00e9s de xarxes socials.<\/li>\n\n\n\n<li>Cookies de personalitzaci\u00f3: s\u00f3n aquelles que permeten a l&#8217;usuari accedir al servei amb algunes caracter\u00edstiques de car\u00e0cter general predefinides en funci\u00f3 d&#8217;una s\u00e8rie de criteris al terminal de l&#8217;usuari com ara l&#8217;idioma, el tipus de navegador a trav\u00e9s del qual accedeix al servei, la configuraci\u00f3 regional des d&#8217;on accedeix al servei, etc.<\/li>\n\n\n\n<li>Cookies d&#8217;an\u00e0lisi: S\u00f3n aquelles que permeten al responsable de les mateixes el seguiment i an\u00e0lisi del comportament dels usuaris dels llocs web als quals estan vinculades, inclosa la quantificaci\u00f3 dels impactes dels anuncis. La informaci\u00f3 recollida mitjan\u00e7ant aquest tipus de cookies s&#8217;utilitza en el mesurament de l&#8217;activitat dels llocs web, aplicaci\u00f3 o plataforma, per introduir millores en funci\u00f3 de l&#8217;an\u00e0lisi de les dades d&#8217;\u00fas que fan els usuaris del servei.<\/li>\n\n\n\n<li>Cookies de publicitat comportamental: s\u00f3n aquelles que emmagatzemen informaci\u00f3 del comportament dels usuaris obtinguda a trav\u00e9s de l&#8217;observaci\u00f3 continuada dels seus h\u00e0bits de navegaci\u00f3, cosa que permet desenvolupar un perfil espec\u00edfic per mostrar publicitat en funci\u00f3 del mateix.<\/li>\n<\/ul>\n\n\n\n<h3 class=\"wp-block-heading\">Quines cookies utilitzem a DELFOILS?<\/h3>\n\n\n\n<p><strong>Cookies t\u00e8cniques:<\/strong><\/p>\n\n\n\n<ul class=\"wp-block-list\">\n<li>moove_gdpr_popup: Comprova si ha de mostrar o no l&#8217;av\u00eds de cookies (si ja ha estat acceptat o rebutjat no es torna a mostrar mentre persisteixi aquesta galeta). Expira a 1 any.<\/li>\n\n\n\n<li>cpnb_cookiesSettings: Comprova quines categories de cookies s&#8217;accepten o rebutgen (per exemple, cookies anal\u00edtiques, cookies de publicitat dirigida, etc.). Expira a 1 any.<\/li>\n\n\n\n<li>wordpress_[hash]: Cookie restringida a l&#8217;\u00e0rea d&#8217;administraci\u00f3 (wp-admin). No es veu al frontend fins i tot estant registrat. Deseu les vostres dades d&#8217;acc\u00e9s. T\u00e8cnica de sessi\u00f3. Necess\u00e0ria.<\/li>\n\n\n\n<li>wordpress_sec_[hash]: El mateix que l&#8217;anterior. Necess\u00e0ria.<\/li>\n\n\n\n<li>wordpress_logged_in_[hash]: Guarda qui ets mentre est\u00e0s registrat i l&#8217;usa WordPress per a la seva interf\u00edcie. T\u00e8cnica de sessi\u00f3. Necess\u00e0ria.<\/li>\n\n\n\n<li>wp-postpass_[hash]: Cookie on es desa l&#8217;acc\u00e9s a p\u00e0gines protegides amb contrasenya. T\u00e8cnica persistent. Temps per defecte: 10 dies.<\/li>\n\n\n\n<li>woocommerce_cart_hash: Coookie que ajuda a detectar i desar canvis a la cistella. Sessi\u00f3.<\/li>\n\n\n\n<li>woocommerce_items_in_cart: Coookie que ajuda a detectar i desar canvis a la cistella. Sessi\u00f3.<\/li>\n\n\n\n<li>woocommerce_recently_viewed: Perqu\u00e8 funcioni el widget de \u201cvist recentment\u201d. Sessi\u00f3.<\/li>\n\n\n\n<li>store_notice[notice id]: Perqu\u00e8 els usuaris puguin descartar l&#8217;av\u00eds de botiga. Sessi\u00f3.<\/li>\n\n\n\n<li>wp_woocommerce_session_: Afegeix un codi \u00fanic a cada client per poder identificar el carret a la base de dades. Persistent. Durada: 2 dies.<\/li>\n\n\n\n<li>woocommerce_snooze_suggestions__[suggestion]: Permet descartar notificacions del marketplace. Persistent. Durada: 2 dies.<\/li>\n\n\n\n<li>woocommerce_dismissed_suggestions__[context]: Compte les vegades que s&#8217;han descartat les notificacions del marketplace. Persistent. Durada: 1 mes.<\/li>\n\n\n\n<li>tk_ai: Desa un ID aleatori generat al backend per a estad\u00edstiques. Sessi\u00f3.<\/li>\n<\/ul>\n\n\n\n<p><strong>Cookies anal\u00edtiques:<\/strong><\/p>\n\n\n\n<p>S\u00f3n aquelles que ben tractades per nosaltres o per tercers, ens permeten quantificar el nombre d&#8217;usuaris i aix\u00ed realitzar el mesurament i l&#8217;an\u00e0lisi estad\u00edstica de la utilitzaci\u00f3 que fan els usuaris del servei ofert. Per aix\u00f2 s&#8217;analitza la vostra navegaci\u00f3 a la nostra p\u00e0gina web per tal de millorar l&#8217;oferta de productes o serveis que us oferim.<\/p>\n\n\n\n<ul class=\"wp-block-list\">\n<li>_ga: Anal\u00edtica de Google. Es fa servir per distingir els usuaris (expira en 2 anys).<\/li>\n\n\n\n<li>_gid: S&#8217;usa per distingir els usuaris (expira en 24 hores).<\/li>\n\n\n\n<li>_gat: S&#8217;usa per limitar el percentatge de sol\u00b7licituds (expireu en 1 minut).<\/li>\n<\/ul>\n\n\n\n<p>M\u00e9s informaci\u00f3 sobre aquestes cookies a Google Analytics.<\/p>\n\n\n\n<p><strong>Cookies de publicitat i xarxes socials:<\/strong><\/p>\n\n\n\n<ul class=\"wp-block-list\">\n<li>_fbq: Usada pel p\u00edxel de Facebook per fer el seguiment de la visita.<\/li>\n<\/ul>\n\n\n\n<h3 class=\"wp-block-heading\">Revocaci\u00f3 de consentiment d&#8217;\u00fas de cookies:<\/h3>\n\n\n\n<p>Si voleu revocar o tornar a configurar el vostre consentiment, disposeu d&#8217;un bot\u00f3 flotant permanent situat a la part inferior dreta de la pantalla amb acc\u00e9s als ajustaments de cookies.<\/p>\n\n\n\n<h3 class=\"wp-block-heading\">\u00bfCom es gestionen les cookies?<\/h3>\n\n\n\n<p>Com que les cookies s\u00f3n fitxers de text normals, es poden explorar amb la majoria d&#8217;editors de text o programes de processament de text. Podeu fer clic a una galeta per obrir-la. A continuaci\u00f3, s&#8217;indica una llista d&#8217;enlla\u00e7os sobre com veure cookies a diferents navegadors. Si utilitzeu un altre navegador, consulteu la informaci\u00f3 sobre cookies al propi navegador. Si utilitzeu un tel\u00e8fon m\u00f2bil, consulteu el manual del dispositiu per obtenir m\u00e9s informaci\u00f3.<\/p>\n\n\n\n<ul class=\"wp-block-list\">\n<li>Firefox: <a href=\"https:\/\/support.mozilla.org\/en-US\/kb\/cookies-information-websites-store-on-your-computer\" target=\"_blank\" rel=\"noreferrer noopener\">https:\/\/support.mozilla.org\/en-US\/kb\/cookies-information-websites-store-on-your-computer<\/a><\/li>\n\n\n\n<li>Chrome: <a href=\"https:\/\/support.google.com\/chrome\/bin\/answer.py?hl=en&amp;answer=95647&amp;topic=14666&amp;ctx=topic\" target=\"_blank\" rel=\"noreferrer noopener\">https:\/\/support.google.com\/chrome\/bin\/answer.py?hl=en&amp;answer=95647&amp;topic=14666&amp;ctx=topic<\/a><\/li>\n\n\n\n<li>Internet Explorer 8-10: <a href=\"https:\/\/windows.microsoft.com\/en-US\/internet-explorer\/delete-manage-cookies\" target=\"_blank\" rel=\"noreferrer noopener\">https:\/\/windows.microsoft.com\/en-US\/internet-explorer\/delete-manage-cookies<\/a><\/li>\n\n\n\n<li>Safari: <a href=\"https:\/\/support.apple.com\/kb\/ph5042\" target=\"_blank\" rel=\"noreferrer noopener\">https:\/\/support.apple.com\/kb\/ph5042<\/a><\/li>\n\n\n\n<li>Opera: <a href=\"https:\/\/help.opera.com\/Windows\/12.00\/es-ES\/cookies.html\" target=\"_blank\" rel=\"noreferrer noopener\">https:\/\/help.opera.com\/Windows\/12.00\/es-ES\/cookies.html<\/a><\/li>\n<\/ul>\n\n\n\n<h3 class=\"wp-block-heading\">Desactivaci\u00f3\/activaci\u00f3 o eliminaci\u00f3 de cookies:<\/h3>\n\n\n\n<p>Per restringir o bloquejar les cookies, es fa a trav\u00e9s de la configuraci\u00f3 del navegador.<\/p>\n\n\n\n<p>Si no voleu que els llocs web posin cap cookie al vostre equip, podeu adaptar la configuraci\u00f3 del navegador de manera que se us notifiqui abans que es col\u00b7loqui cap cookie. navegador i equip que utilitzeu.<\/p>\n\n\n\n<p>Tingueu en compte que si no voleu rebre cookies, ja no podrem garantir que el nostre lloc web funcioni degudament.<\/p>\n\n\n\n<p>Cada navegador t\u00e9 un m\u00e8tode diferent per adaptar la configuraci\u00f3. Si cal, consulteu la funci\u00f3 d&#8217;ajuda del navegador per establir la configuraci\u00f3 correcta.<\/p>\n\n\n\n<p>Per desactivar les cookies al tel\u00e8fon m\u00f2bil, consulteu el manual del dispositiu per obtenir m\u00e9s informaci\u00f3.<\/p>\n\n\n\n<p>Podeu obtenir m\u00e9s informaci\u00f3 sobre les cookies a Internet, https:\/\/www.aboutcookies.org.<\/p>\n\n\n\n<p><\/p>\n","protected":false},"excerpt":{"rendered":"<p>Qu\u00e8 s\u00f3n les cookies? Les cookies s\u00f3n petits fitxers de text que s&#8217;emmagatzemen al dispositiu de l&#8217;usuari d&#8217;Internet en visitar una p\u00e0gina web. \u00c9s l&#8217;operador del lloc web el que determina quin tipus d&#8217;informaci\u00f3 cont\u00e9 aquesta galeta i quin \u00e9s el seu prop\u00f2sit, podent a m\u00e9s ser utilitzada pel servidor web cada vegada que visiti [&hellip;]<\/p>\n","protected":false},"author":1,"featured_media":0,"parent":0,"menu_order":0,"comment_status":"closed","ping_status":"closed","template":"","meta":{"footnotes":""},"class_list":["post-1076","page","type-page","status-publish","hentry"],"yoast_head":"<!-- This site is optimized with the Yoast SEO plugin v27.2 - https:\/\/yoast.com\/product\/yoast-seo-wordpress\/ -->\n<title>Pol\u00edtica de cookies - Delfoils<\/title>\n<meta name=\"robots\" content=\"index, follow, max-snippet:-1, max-image-preview:large, max-video-preview:-1\" \/>\n<link rel=\"canonical\" href=\"https:\/\/delfoils.com\/ca\/politica-de-cookies\/\" \/>\n<meta property=\"og:locale\" content=\"ca_ES\" \/>\n<meta property=\"og:type\" content=\"article\" \/>\n<meta property=\"og:title\" content=\"Pol\u00edtica de cookies - Delfoils\" \/>\n<meta property=\"og:description\" content=\"Qu\u00e8 s\u00f3n les cookies? Les cookies s\u00f3n petits fitxers de text que s&#8217;emmagatzemen al dispositiu de l&#8217;usuari d&#8217;Internet en visitar una p\u00e0gina web. \u00c9s l&#8217;operador del lloc web el que determina quin tipus d&#8217;informaci\u00f3 cont\u00e9 aquesta galeta i quin \u00e9s el seu prop\u00f2sit, podent a m\u00e9s ser utilitzada pel servidor web cada vegada que visiti [&hellip;]\" \/>\n<meta property=\"og:url\" content=\"https:\/\/delfoils.com\/ca\/politica-de-cookies\/\" \/>\n<meta property=\"og:site_name\" content=\"Delfoils\" \/>\n<meta property=\"article:modified_time\" content=\"2025-06-20T08:30:42+00:00\" \/>\n<meta name=\"twitter:card\" content=\"summary_large_image\" \/>\n<meta name=\"twitter:label1\" content=\"Temps estimat de lectura\" \/>\n\t<meta name=\"twitter:data1\" content=\"6 minuts\" \/>\n<script type=\"application\/ld+json\" class=\"yoast-schema-graph\">{\"@context\":\"https:\/\/schema.org\",\"@graph\":[{\"@type\":\"WebPage\",\"@id\":\"https:\/\/delfoils.com\/ca\/politica-de-cookies\/\",\"url\":\"https:\/\/delfoils.com\/ca\/politica-de-cookies\/\",\"name\":\"Pol\u00edtica de cookies - Delfoils\",\"isPartOf\":{\"@id\":\"https:\/\/delfoils.com\/#website\"},\"datePublished\":\"2025-05-20T05:44:24+00:00\",\"dateModified\":\"2025-06-20T08:30:42+00:00\",\"breadcrumb\":{\"@id\":\"https:\/\/delfoils.com\/ca\/politica-de-cookies\/#breadcrumb\"},\"inLanguage\":\"ca\",\"potentialAction\":[{\"@type\":\"ReadAction\",\"target\":[\"https:\/\/delfoils.com\/ca\/politica-de-cookies\/\"]}]},{\"@type\":\"BreadcrumbList\",\"@id\":\"https:\/\/delfoils.com\/ca\/politica-de-cookies\/#breadcrumb\",\"itemListElement\":[{\"@type\":\"ListItem\",\"position\":1,\"name\":\"Portada\",\"item\":\"https:\/\/delfoils.com\/ca\/\"},{\"@type\":\"ListItem\",\"position\":2,\"name\":\"Pol\u00edtica de cookies\"}]},{\"@type\":\"WebSite\",\"@id\":\"https:\/\/delfoils.com\/#website\",\"url\":\"https:\/\/delfoils.com\/\",\"name\":\"Delfoils\",\"description\":\"\",\"publisher\":{\"@id\":\"https:\/\/delfoils.com\/#organization\"},\"potentialAction\":[{\"@type\":\"SearchAction\",\"target\":{\"@type\":\"EntryPoint\",\"urlTemplate\":\"https:\/\/delfoils.com\/?s={search_term_string}\"},\"query-input\":{\"@type\":\"PropertyValueSpecification\",\"valueRequired\":true,\"valueName\":\"search_term_string\"}}],\"inLanguage\":\"ca\"},{\"@type\":\"Organization\",\"@id\":\"https:\/\/delfoils.com\/#organization\",\"name\":\"Delfoils\",\"url\":\"https:\/\/delfoils.com\/\",\"logo\":{\"@type\":\"ImageObject\",\"inLanguage\":\"ca\",\"@id\":\"https:\/\/delfoils.com\/#\/schema\/logo\/image\/\",\"url\":\"https:\/\/delfoils.com\/wp-content\/uploads\/2025\/05\/favicon.png\",\"contentUrl\":\"https:\/\/delfoils.com\/wp-content\/uploads\/2025\/05\/favicon.png\",\"width\":270,\"height\":270,\"caption\":\"Delfoils\"},\"image\":{\"@id\":\"https:\/\/delfoils.com\/#\/schema\/logo\/image\/\"},\"sameAs\":[\"https:\/\/es.linkedin.com\/company\/delfoils\"]}]}<\/script>\n<!-- \/ Yoast SEO plugin. -->","yoast_head_json":{"title":"Pol\u00edtica de cookies - Delfoils","robots":{"index":"index","follow":"follow","max-snippet":"max-snippet:-1","max-image-preview":"max-image-preview:large","max-video-preview":"max-video-preview:-1"},"canonical":"https:\/\/delfoils.com\/ca\/politica-de-cookies\/","og_locale":"ca_ES","og_type":"article","og_title":"Pol\u00edtica de cookies - Delfoils","og_description":"Qu\u00e8 s\u00f3n les cookies? Les cookies s\u00f3n petits fitxers de text que s&#8217;emmagatzemen al dispositiu de l&#8217;usuari d&#8217;Internet en visitar una p\u00e0gina web. \u00c9s l&#8217;operador del lloc web el que determina quin tipus d&#8217;informaci\u00f3 cont\u00e9 aquesta galeta i quin \u00e9s el seu prop\u00f2sit, podent a m\u00e9s ser utilitzada pel servidor web cada vegada que visiti [&hellip;]","og_url":"https:\/\/delfoils.com\/ca\/politica-de-cookies\/","og_site_name":"Delfoils","article_modified_time":"2025-06-20T08:30:42+00:00","twitter_card":"summary_large_image","twitter_misc":{"Temps estimat de lectura":"6 minuts"},"schema":{"@context":"https:\/\/schema.org","@graph":[{"@type":"WebPage","@id":"https:\/\/delfoils.com\/ca\/politica-de-cookies\/","url":"https:\/\/delfoils.com\/ca\/politica-de-cookies\/","name":"Pol\u00edtica de cookies - Delfoils","isPartOf":{"@id":"https:\/\/delfoils.com\/#website"},"datePublished":"2025-05-20T05:44:24+00:00","dateModified":"2025-06-20T08:30:42+00:00","breadcrumb":{"@id":"https:\/\/delfoils.com\/ca\/politica-de-cookies\/#breadcrumb"},"inLanguage":"ca","potentialAction":[{"@type":"ReadAction","target":["https:\/\/delfoils.com\/ca\/politica-de-cookies\/"]}]},{"@type":"BreadcrumbList","@id":"https:\/\/delfoils.com\/ca\/politica-de-cookies\/#breadcrumb","itemListElement":[{"@type":"ListItem","position":1,"name":"Portada","item":"https:\/\/delfoils.com\/ca\/"},{"@type":"ListItem","position":2,"name":"Pol\u00edtica de cookies"}]},{"@type":"WebSite","@id":"https:\/\/delfoils.com\/#website","url":"https:\/\/delfoils.com\/","name":"Delfoils","description":"","publisher":{"@id":"https:\/\/delfoils.com\/#organization"},"potentialAction":[{"@type":"SearchAction","target":{"@type":"EntryPoint","urlTemplate":"https:\/\/delfoils.com\/?s={search_term_string}"},"query-input":{"@type":"PropertyValueSpecification","valueRequired":true,"valueName":"search_term_string"}}],"inLanguage":"ca"},{"@type":"Organization","@id":"https:\/\/delfoils.com\/#organization","name":"Delfoils","url":"https:\/\/delfoils.com\/","logo":{"@type":"ImageObject","inLanguage":"ca","@id":"https:\/\/delfoils.com\/#\/schema\/logo\/image\/","url":"https:\/\/delfoils.com\/wp-content\/uploads\/2025\/05\/favicon.png","contentUrl":"https:\/\/delfoils.com\/wp-content\/uploads\/2025\/05\/favicon.png","width":270,"height":270,"caption":"Delfoils"},"image":{"@id":"https:\/\/delfoils.com\/#\/schema\/logo\/image\/"},"sameAs":["https:\/\/es.linkedin.com\/company\/delfoils"]}]}},"_links":{"self":[{"href":"https:\/\/delfoils.com\/ca\/wp-json\/wp\/v2\/pages\/1076","targetHints":{"allow":["GET"]}}],"collection":[{"href":"https:\/\/delfoils.com\/ca\/wp-json\/wp\/v2\/pages"}],"about":[{"href":"https:\/\/delfoils.com\/ca\/wp-json\/wp\/v2\/types\/page"}],"author":[{"embeddable":true,"href":"https:\/\/delfoils.com\/ca\/wp-json\/wp\/v2\/users\/1"}],"replies":[{"embeddable":true,"href":"https:\/\/delfoils.com\/ca\/wp-json\/wp\/v2\/comments?post=1076"}],"version-history":[{"count":1,"href":"https:\/\/delfoils.com\/ca\/wp-json\/wp\/v2\/pages\/1076\/revisions"}],"predecessor-version":[{"id":1078,"href":"https:\/\/delfoils.com\/ca\/wp-json\/wp\/v2\/pages\/1076\/revisions\/1078"}],"wp:attachment":[{"href":"https:\/\/delfoils.com\/ca\/wp-json\/wp\/v2\/media?parent=1076"}],"curies":[{"name":"wp","href":"https:\/\/api.w.org\/{rel}","templated":true}]}}