{"id":1074,"date":"2025-05-20T07:43:59","date_gmt":"2025-05-20T05:43:59","guid":{"rendered":"https:\/\/delfoils.com\/aviso-legal\/"},"modified":"2025-06-20T10:11:50","modified_gmt":"2025-06-20T08:11:50","slug":"avis-legal","status":"publish","type":"page","link":"https:\/\/delfoils.com\/ca\/avis-legal\/","title":{"rendered":"Av\u00eds legal"},"content":{"rendered":"\n<p>ALFONS ECHEGARAY FIGUERAS, en compliment de l&#8217;article 10 de la Llei 34\/2002 de Serveis de la Societat de la Informaci\u00f3 i Comer\u00e7 Electr\u00f2nic, informa:<\/p>\n\n\n\n<p>Que \u00e9s titular del domini i del lloc web: https:\/\/delfoils.com<\/p>\n\n\n\n<p><strong>Que les vostres dades identificatives s\u00f3n:<\/strong><\/p>\n\n\n\n<p>ALFONS ECHEGARAY FIGUERAS<br>N.I.F. 47997874W<br>GRAN V\u00cdA C.C. 672, 2\u00ba 1A<br>08010 BARCELONA, ESPA\u00d1A<\/p>\n\n\n\n<p>La utilitzaci\u00f3 del lloc web atorga la condici\u00f3 d&#8217;usuari i implica la plena acceptaci\u00f3 a totes les disposicions contingudes en aquest Av\u00eds Legal i en la Pol\u00edtica de Privadesa. Si lusuari no est\u00e0 dacord amb les condicions aqu\u00ed establertes hauria de desestimar lacc\u00e9s i la utilitzaci\u00f3 del lloc web.<\/p>\n\n\n\n<p>El contingut del lloc web \u00e9s propietat d&#8217;ALFONS ECHEGARAY FIGUERAS, i es prohibeix qualsevol tipus de c\u00f2pia o reproducci\u00f3 de tot o part del contingut sense autoritzaci\u00f3 expressa del propietari.<\/p>\n\n\n\n<p>L&#8217;usuari del lloc web es compromet a fer-ne un \u00fas adequat, a no utilitzar-lo per a pr\u00e0ctiques contr\u00e0ries a la Llei o la bona fe ia no provocar danys en els sistemes f\u00edsics i l\u00f2gics de ALFONS ECHEGARAY FIGUERAS.<\/p>\n\n\n\n<p><\/p>\n","protected":false},"excerpt":{"rendered":"<p>ALFONS ECHEGARAY FIGUERAS, en compliment de l&#8217;article 10 de la Llei 34\/2002 de Serveis de la Societat de la Informaci\u00f3 i Comer\u00e7 Electr\u00f2nic, informa: Que \u00e9s titular del domini i del lloc web: https:\/\/delfoils.com Que les vostres dades identificatives s\u00f3n: ALFONS ECHEGARAY FIGUERASN.I.F. 47997874WGRAN V\u00cdA C.C. 672, 2\u00ba 1A08010 BARCELONA, ESPA\u00d1A La utilitzaci\u00f3 del lloc [&hellip;]<\/p>\n","protected":false},"author":1,"featured_media":0,"parent":0,"menu_order":0,"comment_status":"closed","ping_status":"closed","template":"","meta":{"footnotes":""},"class_list":["post-1074","page","type-page","status-publish","hentry"],"yoast_head":"<!-- This site is optimized with the Yoast SEO plugin v27.2 - https:\/\/yoast.com\/product\/yoast-seo-wordpress\/ -->\n<title>Av\u00eds legal - Delfoils<\/title>\n<meta name=\"robots\" content=\"index, follow, max-snippet:-1, max-image-preview:large, max-video-preview:-1\" \/>\n<link rel=\"canonical\" href=\"https:\/\/delfoils.com\/ca\/avis-legal\/\" \/>\n<meta property=\"og:locale\" content=\"ca_ES\" \/>\n<meta property=\"og:type\" content=\"article\" \/>\n<meta property=\"og:title\" content=\"Av\u00eds legal - Delfoils\" \/>\n<meta property=\"og:description\" content=\"ALFONS ECHEGARAY FIGUERAS, en compliment de l&#8217;article 10 de la Llei 34\/2002 de Serveis de la Societat de la Informaci\u00f3 i Comer\u00e7 Electr\u00f2nic, informa: Que \u00e9s titular del domini i del lloc web: https:\/\/delfoils.com Que les vostres dades identificatives s\u00f3n: ALFONS ECHEGARAY FIGUERASN.I.F. 47997874WGRAN V\u00cdA C.C. 672, 2\u00ba 1A08010 BARCELONA, ESPA\u00d1A La utilitzaci\u00f3 del lloc [&hellip;]\" \/>\n<meta property=\"og:url\" content=\"https:\/\/delfoils.com\/ca\/avis-legal\/\" \/>\n<meta property=\"og:site_name\" content=\"Delfoils\" \/>\n<meta property=\"article:modified_time\" content=\"2025-06-20T08:11:50+00:00\" \/>\n<meta name=\"twitter:card\" content=\"summary_large_image\" \/>\n<meta name=\"twitter:label1\" content=\"Temps estimat de lectura\" \/>\n\t<meta name=\"twitter:data1\" content=\"1 minut\" \/>\n<script type=\"application\/ld+json\" class=\"yoast-schema-graph\">{\"@context\":\"https:\/\/schema.org\",\"@graph\":[{\"@type\":\"WebPage\",\"@id\":\"https:\/\/delfoils.com\/ca\/avis-legal\/\",\"url\":\"https:\/\/delfoils.com\/ca\/avis-legal\/\",\"name\":\"Av\u00eds legal - Delfoils\",\"isPartOf\":{\"@id\":\"https:\/\/delfoils.com\/#website\"},\"datePublished\":\"2025-05-20T05:43:59+00:00\",\"dateModified\":\"2025-06-20T08:11:50+00:00\",\"breadcrumb\":{\"@id\":\"https:\/\/delfoils.com\/ca\/avis-legal\/#breadcrumb\"},\"inLanguage\":\"ca\",\"potentialAction\":[{\"@type\":\"ReadAction\",\"target\":[\"https:\/\/delfoils.com\/ca\/avis-legal\/\"]}]},{\"@type\":\"BreadcrumbList\",\"@id\":\"https:\/\/delfoils.com\/ca\/avis-legal\/#breadcrumb\",\"itemListElement\":[{\"@type\":\"ListItem\",\"position\":1,\"name\":\"Portada\",\"item\":\"https:\/\/delfoils.com\/ca\/\"},{\"@type\":\"ListItem\",\"position\":2,\"name\":\"Av\u00eds legal\"}]},{\"@type\":\"WebSite\",\"@id\":\"https:\/\/delfoils.com\/#website\",\"url\":\"https:\/\/delfoils.com\/\",\"name\":\"Delfoils\",\"description\":\"\",\"publisher\":{\"@id\":\"https:\/\/delfoils.com\/#organization\"},\"potentialAction\":[{\"@type\":\"SearchAction\",\"target\":{\"@type\":\"EntryPoint\",\"urlTemplate\":\"https:\/\/delfoils.com\/?s={search_term_string}\"},\"query-input\":{\"@type\":\"PropertyValueSpecification\",\"valueRequired\":true,\"valueName\":\"search_term_string\"}}],\"inLanguage\":\"ca\"},{\"@type\":\"Organization\",\"@id\":\"https:\/\/delfoils.com\/#organization\",\"name\":\"Delfoils\",\"url\":\"https:\/\/delfoils.com\/\",\"logo\":{\"@type\":\"ImageObject\",\"inLanguage\":\"ca\",\"@id\":\"https:\/\/delfoils.com\/#\/schema\/logo\/image\/\",\"url\":\"https:\/\/delfoils.com\/wp-content\/uploads\/2025\/05\/favicon.png\",\"contentUrl\":\"https:\/\/delfoils.com\/wp-content\/uploads\/2025\/05\/favicon.png\",\"width\":270,\"height\":270,\"caption\":\"Delfoils\"},\"image\":{\"@id\":\"https:\/\/delfoils.com\/#\/schema\/logo\/image\/\"},\"sameAs\":[\"https:\/\/es.linkedin.com\/company\/delfoils\"]}]}<\/script>\n<!-- \/ Yoast SEO plugin. -->","yoast_head_json":{"title":"Av\u00eds legal - Delfoils","robots":{"index":"index","follow":"follow","max-snippet":"max-snippet:-1","max-image-preview":"max-image-preview:large","max-video-preview":"max-video-preview:-1"},"canonical":"https:\/\/delfoils.com\/ca\/avis-legal\/","og_locale":"ca_ES","og_type":"article","og_title":"Av\u00eds legal - Delfoils","og_description":"ALFONS ECHEGARAY FIGUERAS, en compliment de l&#8217;article 10 de la Llei 34\/2002 de Serveis de la Societat de la Informaci\u00f3 i Comer\u00e7 Electr\u00f2nic, informa: Que \u00e9s titular del domini i del lloc web: https:\/\/delfoils.com Que les vostres dades identificatives s\u00f3n: ALFONS ECHEGARAY FIGUERASN.I.F. 47997874WGRAN V\u00cdA C.C. 672, 2\u00ba 1A08010 BARCELONA, ESPA\u00d1A La utilitzaci\u00f3 del lloc [&hellip;]","og_url":"https:\/\/delfoils.com\/ca\/avis-legal\/","og_site_name":"Delfoils","article_modified_time":"2025-06-20T08:11:50+00:00","twitter_card":"summary_large_image","twitter_misc":{"Temps estimat de lectura":"1 minut"},"schema":{"@context":"https:\/\/schema.org","@graph":[{"@type":"WebPage","@id":"https:\/\/delfoils.com\/ca\/avis-legal\/","url":"https:\/\/delfoils.com\/ca\/avis-legal\/","name":"Av\u00eds legal - Delfoils","isPartOf":{"@id":"https:\/\/delfoils.com\/#website"},"datePublished":"2025-05-20T05:43:59+00:00","dateModified":"2025-06-20T08:11:50+00:00","breadcrumb":{"@id":"https:\/\/delfoils.com\/ca\/avis-legal\/#breadcrumb"},"inLanguage":"ca","potentialAction":[{"@type":"ReadAction","target":["https:\/\/delfoils.com\/ca\/avis-legal\/"]}]},{"@type":"BreadcrumbList","@id":"https:\/\/delfoils.com\/ca\/avis-legal\/#breadcrumb","itemListElement":[{"@type":"ListItem","position":1,"name":"Portada","item":"https:\/\/delfoils.com\/ca\/"},{"@type":"ListItem","position":2,"name":"Av\u00eds legal"}]},{"@type":"WebSite","@id":"https:\/\/delfoils.com\/#website","url":"https:\/\/delfoils.com\/","name":"Delfoils","description":"","publisher":{"@id":"https:\/\/delfoils.com\/#organization"},"potentialAction":[{"@type":"SearchAction","target":{"@type":"EntryPoint","urlTemplate":"https:\/\/delfoils.com\/?s={search_term_string}"},"query-input":{"@type":"PropertyValueSpecification","valueRequired":true,"valueName":"search_term_string"}}],"inLanguage":"ca"},{"@type":"Organization","@id":"https:\/\/delfoils.com\/#organization","name":"Delfoils","url":"https:\/\/delfoils.com\/","logo":{"@type":"ImageObject","inLanguage":"ca","@id":"https:\/\/delfoils.com\/#\/schema\/logo\/image\/","url":"https:\/\/delfoils.com\/wp-content\/uploads\/2025\/05\/favicon.png","contentUrl":"https:\/\/delfoils.com\/wp-content\/uploads\/2025\/05\/favicon.png","width":270,"height":270,"caption":"Delfoils"},"image":{"@id":"https:\/\/delfoils.com\/#\/schema\/logo\/image\/"},"sameAs":["https:\/\/es.linkedin.com\/company\/delfoils"]}]}},"_links":{"self":[{"href":"https:\/\/delfoils.com\/ca\/wp-json\/wp\/v2\/pages\/1074","targetHints":{"allow":["GET"]}}],"collection":[{"href":"https:\/\/delfoils.com\/ca\/wp-json\/wp\/v2\/pages"}],"about":[{"href":"https:\/\/delfoils.com\/ca\/wp-json\/wp\/v2\/types\/page"}],"author":[{"embeddable":true,"href":"https:\/\/delfoils.com\/ca\/wp-json\/wp\/v2\/users\/1"}],"replies":[{"embeddable":true,"href":"https:\/\/delfoils.com\/ca\/wp-json\/wp\/v2\/comments?post=1074"}],"version-history":[{"count":1,"href":"https:\/\/delfoils.com\/ca\/wp-json\/wp\/v2\/pages\/1074\/revisions"}],"predecessor-version":[{"id":1075,"href":"https:\/\/delfoils.com\/ca\/wp-json\/wp\/v2\/pages\/1074\/revisions\/1075"}],"wp:attachment":[{"href":"https:\/\/delfoils.com\/ca\/wp-json\/wp\/v2\/media?parent=1074"}],"curies":[{"name":"wp","href":"https:\/\/api.w.org\/{rel}","templated":true}]}}