{"id":1069,"date":"2025-05-21T08:46:51","date_gmt":"2025-05-21T06:46:51","guid":{"rendered":"https:\/\/delfoils.com\/sobre-nosaltres\/"},"modified":"2025-08-22T07:56:44","modified_gmt":"2025-08-22T05:56:44","slug":"sobre-nosaltres","status":"publish","type":"page","link":"https:\/\/delfoils.com\/ca\/sobre-nosaltres\/","title":{"rendered":"Sobre nosaltres"},"content":{"rendered":"\t\t<div data-elementor-type=\"wp-page\" data-elementor-id=\"1069\" class=\"elementor elementor-1069 elementor-259\" data-elementor-post-type=\"page\">\n\t\t\t\t<div class=\"elementor-element elementor-element-09cb1a3 e-flex e-con-boxed e-con e-parent\" data-id=\"09cb1a3\" data-element_type=\"container\" data-e-type=\"container\" data-settings=\"{&quot;background_background&quot;:&quot;classic&quot;}\">\n\t\t\t\t\t<div class=\"e-con-inner\">\n\t\t\t\t<div class=\"elementor-element elementor-element-af262f0 elementor-widget elementor-widget-heading\" data-id=\"af262f0\" data-element_type=\"widget\" data-e-type=\"widget\" data-widget_type=\"heading.default\">\n\t\t\t\t\t<h2 class=\"elementor-heading-title elementor-size-default\">Nascuts per al mar<\/h2>\t\t\t\t<\/div>\n\t\t\t\t\t<\/div>\n\t\t\t\t<\/div>\n\t\t<div class=\"elementor-element elementor-element-66971ee e-con-full e-flex e-con e-parent\" data-id=\"66971ee\" data-element_type=\"container\" data-e-type=\"container\">\n\t\t<div class=\"elementor-element elementor-element-0553451 e-con-full e-flex e-con e-child\" data-id=\"0553451\" data-element_type=\"container\" data-e-type=\"container\">\n\t\t<div class=\"elementor-element elementor-element-319835f e-con-full e-flex e-con e-child\" data-id=\"319835f\" data-element_type=\"container\" data-e-type=\"container\">\n\t\t\t\t<div class=\"elementor-element elementor-element-a662e13 elementor-widget elementor-widget-heading\" data-id=\"a662e13\" data-element_type=\"widget\" data-e-type=\"widget\" data-widget_type=\"heading.default\">\n\t\t\t\t\t<h2 class=\"elementor-heading-title elementor-size-default\">Missi\u00f3 i visi\u00f3<\/h2>\t\t\t\t<\/div>\n\t\t\t\t<div class=\"elementor-element elementor-element-710dd48 sin-margen elementor-widget elementor-widget-text-editor\" data-id=\"710dd48\" data-element_type=\"widget\" data-e-type=\"widget\" data-widget_type=\"text-editor.default\">\n\t\t\t\t\t\t\t\t\t<p>Volem que cada persona pugui sentir la llibertat i l&#8217;adrenalina de lliscar sobre l&#8217;aigua. La nostra missi\u00f3 \u00e9s fer que el wing foil, SUP i surf siguin accessibles per a tothom, oferint equips moderns i segurs tant per a lloguer com per a venda. Aspirem a ser l&#8217;opci\u00f3 preferida a Barcelona i rodalies, connectant aficionats i professionals amb el millor material disponible.<\/p>\t\t\t\t\t\t\t\t<\/div>\n\t\t<div class=\"elementor-element elementor-element-1282ec6 e-con-full e-flex e-con e-child\" data-id=\"1282ec6\" data-element_type=\"container\" data-e-type=\"container\">\n\t\t\t\t<div class=\"elementor-element elementor-element-e3b88c8 elementor-align-justify elementor-widget__width-initial elementor-widget-mobile__width-auto elementor-widget elementor-widget-button\" data-id=\"e3b88c8\" data-element_type=\"widget\" data-e-type=\"widget\" data-widget_type=\"button.default\">\n\t\t\t\t\t\t\t\t\t\t<a class=\"elementor-button elementor-button-link elementor-size-sm\" href=\"https:\/\/delfoils.com\/ca\/servei\/lloguer\/\">\n\t\t\t\t\t\t<span class=\"elementor-button-content-wrapper\">\n\t\t\t\t\t\t\t\t\t<span class=\"elementor-button-text\">Llogar<\/span>\n\t\t\t\t\t<\/span>\n\t\t\t\t\t<\/a>\n\t\t\t\t\t\t\t\t<\/div>\n\t\t\t\t<div class=\"elementor-element elementor-element-5f9baf1 elementor-align-justify elementor-widget__width-initial elementor-widget-mobile__width-auto elementor-widget elementor-widget-button\" data-id=\"5f9baf1\" data-element_type=\"widget\" data-e-type=\"widget\" data-widget_type=\"button.default\">\n\t\t\t\t\t\t\t\t\t\t<a class=\"elementor-button elementor-button-link elementor-size-sm\" href=\"https:\/\/delfoils.com\/ca\/servei\/compra-ca\/\">\n\t\t\t\t\t\t<span class=\"elementor-button-content-wrapper\">\n\t\t\t\t\t\t\t\t\t<span class=\"elementor-button-text\">Comprar<\/span>\n\t\t\t\t\t<\/span>\n\t\t\t\t\t<\/a>\n\t\t\t\t\t\t\t\t<\/div>\n\t\t\t\t<\/div>\n\t\t\t\t<\/div>\n\t\t\t\t<\/div>\n\t\t<div class=\"elementor-element elementor-element-38d11d4 e-con-full e-flex e-con e-child\" data-id=\"38d11d4\" data-element_type=\"container\" data-e-type=\"container\" data-settings=\"{&quot;background_background&quot;:&quot;classic&quot;}\">\n\t\t\t\t<\/div>\n\t\t\t\t<\/div>\n\t\t<div class=\"elementor-element elementor-element-bf54f7a e-con-full e-flex e-con e-parent\" data-id=\"bf54f7a\" data-element_type=\"container\" data-e-type=\"container\" data-settings=\"{&quot;background_background&quot;:&quot;classic&quot;}\">\n\t\t<div class=\"elementor-element elementor-element-72c8588 e-flex e-con-boxed e-con e-child\" data-id=\"72c8588\" data-element_type=\"container\" data-e-type=\"container\">\n\t\t\t\t\t<div class=\"e-con-inner\">\n\t\t<div class=\"elementor-element elementor-element-b7a84e5 e-con-full elementor-hidden-mobile e-flex e-con e-child\" data-id=\"b7a84e5\" data-element_type=\"container\" data-e-type=\"container\">\n\t\t\t\t<\/div>\n\t\t<div class=\"elementor-element elementor-element-a9868ba e-con-full e-flex e-con e-child\" data-id=\"a9868ba\" data-element_type=\"container\" data-e-type=\"container\" data-settings=\"{&quot;background_background&quot;:&quot;classic&quot;}\">\n\t\t\t\t<div class=\"elementor-element elementor-element-cb96c19 elementor-widget elementor-widget-heading\" data-id=\"cb96c19\" data-element_type=\"widget\" data-e-type=\"widget\" data-widget_type=\"heading.default\">\n\t\t\t\t\t<h2 class=\"elementor-heading-title elementor-size-default\">Els nostres<br>valors<\/h2>\t\t\t\t<\/div>\n\t\t\t\t<div class=\"elementor-element elementor-element-31e5f97 sin-margen elementor-widget elementor-widget-text-editor\" data-id=\"31e5f97\" data-element_type=\"widget\" data-e-type=\"widget\" data-widget_type=\"text-editor.default\">\n\t\t\t\t\t\t\t\t\t<p>Creiem en la llibertat, la passi\u00f3 i l&#8217;excel\u00b7l\u00e8ncia. Ens esforcem per oferir-te un servei proper i flexible, adaptat a les teves necessitats. Valorem la qualitat dels nostres productes i la satisfacci\u00f3 dels nostres clients, buscant sempre millorar i oferir experi\u00e8ncies \u00faniques sobre l&#8217;aigua.<\/p>\t\t\t\t\t\t\t\t<\/div>\n\t\t\t\t<\/div>\n\t\t\t\t\t<\/div>\n\t\t\t\t<\/div>\n\t\t\t\t<\/div>\n\t\t<div class=\"elementor-element elementor-element-870dfb1 e-flex e-con-boxed e-con e-parent\" data-id=\"870dfb1\" data-element_type=\"container\" data-e-type=\"container\">\n\t\t\t\t\t<div class=\"e-con-inner\">\n\t\t<div class=\"elementor-element elementor-element-08c22dd e-con-full e-flex e-con e-child\" data-id=\"08c22dd\" data-element_type=\"container\" data-e-type=\"container\" data-settings=\"{&quot;background_background&quot;:&quot;classic&quot;}\">\n\t\t\t\t<div class=\"elementor-element elementor-element-659668b elementor-widget elementor-widget-heading\" data-id=\"659668b\" data-element_type=\"widget\" data-e-type=\"widget\" data-widget_type=\"heading.default\">\n\t\t\t\t\t<h2 class=\"elementor-heading-title elementor-size-default\">Merchandising<\/h2>\t\t\t\t<\/div>\n\t\t\t\t<div class=\"elementor-element elementor-element-aaca44d elementor-align-justify elementor-widget__width-initial elementor-widget-mobile__width-auto elementor-widget elementor-widget-button\" data-id=\"aaca44d\" data-element_type=\"widget\" data-e-type=\"widget\" data-widget_type=\"button.default\">\n\t\t\t\t\t\t\t\t\t\t<a class=\"elementor-button elementor-button-link elementor-size-sm\" href=\"https:\/\/delfoils.com\/ca\/categoria-producte\/merchandising-ca\/\">\n\t\t\t\t\t\t<span class=\"elementor-button-content-wrapper\">\n\t\t\t\t\t\t\t\t\t<span class=\"elementor-button-text\">Comprar<\/span>\n\t\t\t\t\t<\/span>\n\t\t\t\t\t<\/a>\n\t\t\t\t\t\t\t\t<\/div>\n\t\t\t\t<\/div>\n\t\t<div class=\"elementor-element elementor-element-0686c9e e-con-full e-flex e-con e-child\" data-id=\"0686c9e\" data-element_type=\"container\" data-e-type=\"container\" data-settings=\"{&quot;background_background&quot;:&quot;classic&quot;}\">\n\t\t\t\t<\/div>\n\t\t\t\t\t<\/div>\n\t\t\t\t<\/div>\n\t\t\t\t<\/div>\n\t\t","protected":false},"excerpt":{"rendered":"<p>Nascuts per al mar Missi\u00f3 i visi\u00f3 Volem que cada persona pugui sentir la llibertat i l&#8217;adrenalina de lliscar sobre l&#8217;aigua. La nostra missi\u00f3 \u00e9s fer que el wing foil, SUP i surf siguin accessibles per a tothom, oferint equips moderns i segurs tant per a lloguer com per a venda. Aspirem a ser l&#8217;opci\u00f3 [&hellip;]<\/p>\n","protected":false},"author":1,"featured_media":0,"parent":0,"menu_order":0,"comment_status":"closed","ping_status":"closed","template":"","meta":{"footnotes":""},"class_list":["post-1069","page","type-page","status-publish","hentry"],"yoast_head":"<!-- This site is optimized with the Yoast SEO plugin v27.2 - https:\/\/yoast.com\/product\/yoast-seo-wordpress\/ -->\n<title>Sobre nosaltres - Delfoils<\/title>\n<meta name=\"description\" content=\"Descobreix qu\u00e8 hi ha darrere de Delfoils, la nostra filosofia de marca i el nostre prop\u00f2sit pels esports aqu\u00e0tics.\" \/>\n<meta name=\"robots\" content=\"index, follow, max-snippet:-1, max-image-preview:large, max-video-preview:-1\" \/>\n<link rel=\"canonical\" href=\"https:\/\/delfoils.com\/ca\/sobre-nosaltres\/\" \/>\n<meta property=\"og:locale\" content=\"ca_ES\" \/>\n<meta property=\"og:type\" content=\"article\" \/>\n<meta property=\"og:title\" content=\"Sobre nosaltres - Delfoils\" \/>\n<meta property=\"og:description\" content=\"Descobreix qu\u00e8 hi ha darrere de Delfoils, la nostra filosofia de marca i el nostre prop\u00f2sit pels esports aqu\u00e0tics.\" \/>\n<meta property=\"og:url\" content=\"https:\/\/delfoils.com\/ca\/sobre-nosaltres\/\" \/>\n<meta property=\"og:site_name\" content=\"Delfoils\" \/>\n<meta property=\"article:modified_time\" content=\"2025-08-22T05:56:44+00:00\" \/>\n<meta name=\"twitter:card\" content=\"summary_large_image\" \/>\n<meta name=\"twitter:label1\" content=\"Temps estimat de lectura\" \/>\n\t<meta name=\"twitter:data1\" content=\"1 minut\" \/>\n<script type=\"application\/ld+json\" class=\"yoast-schema-graph\">{\"@context\":\"https:\/\/schema.org\",\"@graph\":[{\"@type\":\"WebPage\",\"@id\":\"https:\/\/delfoils.com\/ca\/sobre-nosaltres\/\",\"url\":\"https:\/\/delfoils.com\/ca\/sobre-nosaltres\/\",\"name\":\"Sobre nosaltres - Delfoils\",\"isPartOf\":{\"@id\":\"https:\/\/delfoils.com\/#website\"},\"datePublished\":\"2025-05-21T06:46:51+00:00\",\"dateModified\":\"2025-08-22T05:56:44+00:00\",\"description\":\"Descobreix qu\u00e8 hi ha darrere de Delfoils, la nostra filosofia de marca i el nostre prop\u00f2sit pels esports aqu\u00e0tics.\",\"breadcrumb\":{\"@id\":\"https:\/\/delfoils.com\/ca\/sobre-nosaltres\/#breadcrumb\"},\"inLanguage\":\"ca\",\"potentialAction\":[{\"@type\":\"ReadAction\",\"target\":[\"https:\/\/delfoils.com\/ca\/sobre-nosaltres\/\"]}]},{\"@type\":\"BreadcrumbList\",\"@id\":\"https:\/\/delfoils.com\/ca\/sobre-nosaltres\/#breadcrumb\",\"itemListElement\":[{\"@type\":\"ListItem\",\"position\":1,\"name\":\"Portada\",\"item\":\"https:\/\/delfoils.com\/ca\/\"},{\"@type\":\"ListItem\",\"position\":2,\"name\":\"Sobre nosaltres\"}]},{\"@type\":\"WebSite\",\"@id\":\"https:\/\/delfoils.com\/#website\",\"url\":\"https:\/\/delfoils.com\/\",\"name\":\"Delfoils\",\"description\":\"\",\"publisher\":{\"@id\":\"https:\/\/delfoils.com\/#organization\"},\"potentialAction\":[{\"@type\":\"SearchAction\",\"target\":{\"@type\":\"EntryPoint\",\"urlTemplate\":\"https:\/\/delfoils.com\/?s={search_term_string}\"},\"query-input\":{\"@type\":\"PropertyValueSpecification\",\"valueRequired\":true,\"valueName\":\"search_term_string\"}}],\"inLanguage\":\"ca\"},{\"@type\":\"Organization\",\"@id\":\"https:\/\/delfoils.com\/#organization\",\"name\":\"Delfoils\",\"url\":\"https:\/\/delfoils.com\/\",\"logo\":{\"@type\":\"ImageObject\",\"inLanguage\":\"ca\",\"@id\":\"https:\/\/delfoils.com\/#\/schema\/logo\/image\/\",\"url\":\"https:\/\/delfoils.com\/wp-content\/uploads\/2025\/05\/favicon.png\",\"contentUrl\":\"https:\/\/delfoils.com\/wp-content\/uploads\/2025\/05\/favicon.png\",\"width\":270,\"height\":270,\"caption\":\"Delfoils\"},\"image\":{\"@id\":\"https:\/\/delfoils.com\/#\/schema\/logo\/image\/\"},\"sameAs\":[\"https:\/\/es.linkedin.com\/company\/delfoils\"]}]}<\/script>\n<!-- \/ Yoast SEO plugin. -->","yoast_head_json":{"title":"Sobre nosaltres - Delfoils","description":"Descobreix qu\u00e8 hi ha darrere de Delfoils, la nostra filosofia de marca i el nostre prop\u00f2sit pels esports aqu\u00e0tics.","robots":{"index":"index","follow":"follow","max-snippet":"max-snippet:-1","max-image-preview":"max-image-preview:large","max-video-preview":"max-video-preview:-1"},"canonical":"https:\/\/delfoils.com\/ca\/sobre-nosaltres\/","og_locale":"ca_ES","og_type":"article","og_title":"Sobre nosaltres - Delfoils","og_description":"Descobreix qu\u00e8 hi ha darrere de Delfoils, la nostra filosofia de marca i el nostre prop\u00f2sit pels esports aqu\u00e0tics.","og_url":"https:\/\/delfoils.com\/ca\/sobre-nosaltres\/","og_site_name":"Delfoils","article_modified_time":"2025-08-22T05:56:44+00:00","twitter_card":"summary_large_image","twitter_misc":{"Temps estimat de lectura":"1 minut"},"schema":{"@context":"https:\/\/schema.org","@graph":[{"@type":"WebPage","@id":"https:\/\/delfoils.com\/ca\/sobre-nosaltres\/","url":"https:\/\/delfoils.com\/ca\/sobre-nosaltres\/","name":"Sobre nosaltres - Delfoils","isPartOf":{"@id":"https:\/\/delfoils.com\/#website"},"datePublished":"2025-05-21T06:46:51+00:00","dateModified":"2025-08-22T05:56:44+00:00","description":"Descobreix qu\u00e8 hi ha darrere de Delfoils, la nostra filosofia de marca i el nostre prop\u00f2sit pels esports aqu\u00e0tics.","breadcrumb":{"@id":"https:\/\/delfoils.com\/ca\/sobre-nosaltres\/#breadcrumb"},"inLanguage":"ca","potentialAction":[{"@type":"ReadAction","target":["https:\/\/delfoils.com\/ca\/sobre-nosaltres\/"]}]},{"@type":"BreadcrumbList","@id":"https:\/\/delfoils.com\/ca\/sobre-nosaltres\/#breadcrumb","itemListElement":[{"@type":"ListItem","position":1,"name":"Portada","item":"https:\/\/delfoils.com\/ca\/"},{"@type":"ListItem","position":2,"name":"Sobre nosaltres"}]},{"@type":"WebSite","@id":"https:\/\/delfoils.com\/#website","url":"https:\/\/delfoils.com\/","name":"Delfoils","description":"","publisher":{"@id":"https:\/\/delfoils.com\/#organization"},"potentialAction":[{"@type":"SearchAction","target":{"@type":"EntryPoint","urlTemplate":"https:\/\/delfoils.com\/?s={search_term_string}"},"query-input":{"@type":"PropertyValueSpecification","valueRequired":true,"valueName":"search_term_string"}}],"inLanguage":"ca"},{"@type":"Organization","@id":"https:\/\/delfoils.com\/#organization","name":"Delfoils","url":"https:\/\/delfoils.com\/","logo":{"@type":"ImageObject","inLanguage":"ca","@id":"https:\/\/delfoils.com\/#\/schema\/logo\/image\/","url":"https:\/\/delfoils.com\/wp-content\/uploads\/2025\/05\/favicon.png","contentUrl":"https:\/\/delfoils.com\/wp-content\/uploads\/2025\/05\/favicon.png","width":270,"height":270,"caption":"Delfoils"},"image":{"@id":"https:\/\/delfoils.com\/#\/schema\/logo\/image\/"},"sameAs":["https:\/\/es.linkedin.com\/company\/delfoils"]}]}},"_links":{"self":[{"href":"https:\/\/delfoils.com\/ca\/wp-json\/wp\/v2\/pages\/1069","targetHints":{"allow":["GET"]}}],"collection":[{"href":"https:\/\/delfoils.com\/ca\/wp-json\/wp\/v2\/pages"}],"about":[{"href":"https:\/\/delfoils.com\/ca\/wp-json\/wp\/v2\/types\/page"}],"author":[{"embeddable":true,"href":"https:\/\/delfoils.com\/ca\/wp-json\/wp\/v2\/users\/1"}],"replies":[{"embeddable":true,"href":"https:\/\/delfoils.com\/ca\/wp-json\/wp\/v2\/comments?post=1069"}],"version-history":[{"count":1,"href":"https:\/\/delfoils.com\/ca\/wp-json\/wp\/v2\/pages\/1069\/revisions"}],"predecessor-version":[{"id":1070,"href":"https:\/\/delfoils.com\/ca\/wp-json\/wp\/v2\/pages\/1069\/revisions\/1070"}],"wp:attachment":[{"href":"https:\/\/delfoils.com\/ca\/wp-json\/wp\/v2\/media?parent=1069"}],"curies":[{"name":"wp","href":"https:\/\/api.w.org\/{rel}","templated":true}]}}