{"id":1067,"date":"2025-05-20T07:39:34","date_gmt":"2025-05-20T05:39:34","guid":{"rendered":"https:\/\/delfoils.com\/esports\/"},"modified":"2025-08-22T07:55:28","modified_gmt":"2025-08-22T05:55:28","slug":"esports","status":"publish","type":"page","link":"https:\/\/delfoils.com\/ca\/esports\/","title":{"rendered":"Esports"},"content":{"rendered":"\t\t<div data-elementor-type=\"wp-page\" data-elementor-id=\"1067\" class=\"elementor elementor-1067 elementor-14\" data-elementor-post-type=\"page\">\n\t\t\t\t<div class=\"elementor-element elementor-element-90127aa e-flex e-con-boxed e-con e-parent\" data-id=\"90127aa\" data-element_type=\"container\" data-e-type=\"container\" data-settings=\"{&quot;background_background&quot;:&quot;classic&quot;}\">\n\t\t\t\t\t<div class=\"e-con-inner\">\n\t\t\t\t<div class=\"elementor-element elementor-element-6692b51 elementor-widget elementor-widget-heading\" data-id=\"6692b51\" data-element_type=\"widget\" data-e-type=\"widget\" data-widget_type=\"heading.default\">\n\t\t\t\t\t<h2 class=\"elementor-heading-title elementor-size-default\">Viu el mar<\/h2>\t\t\t\t<\/div>\n\t\t\t\t\t<\/div>\n\t\t\t\t<\/div>\n\t\t<div class=\"elementor-element elementor-element-e59e0b4 e-con-full e-flex e-con e-parent\" data-id=\"e59e0b4\" data-element_type=\"container\" data-e-type=\"container\">\n\t\t<div class=\"elementor-element elementor-element-025a6a8 e-con-full e-flex e-con e-child\" data-id=\"025a6a8\" data-element_type=\"container\" data-e-type=\"container\">\n\t\t<div class=\"elementor-element elementor-element-1572693 e-con-full e-flex e-con e-child\" data-id=\"1572693\" data-element_type=\"container\" data-e-type=\"container\">\n\t\t\t\t<div class=\"elementor-element elementor-element-61b6772 elementor-widget elementor-widget-heading\" data-id=\"61b6772\" data-element_type=\"widget\" data-e-type=\"widget\" data-widget_type=\"heading.default\">\n\t\t\t\t\t<h2 class=\"elementor-heading-title elementor-size-default\">Sup<\/h2>\t\t\t\t<\/div>\n\t\t\t\t<div class=\"elementor-element elementor-element-b7ff792 sin-margen elementor-widget elementor-widget-text-editor\" data-id=\"b7ff792\" data-element_type=\"widget\" data-e-type=\"widget\" data-widget_type=\"text-editor.default\">\n\t\t\t\t\t\t\t\t\t<p>L&#8217;stand up paddle, comunament conegut com a SUP, \u00e9s un dels esports aqu\u00e0tics m\u00e9s vers\u00e0tils i accessibles. Sobre una taula gran i estable, el practicant es despla\u00e7a dret utilitzant un rem, cosa que permet explorar aig\u00fces tranquil\u00b7les o desafiar onades amb total llibertat. Aquest esport \u00e9s perfecte per a aquells que busquen connectar amb la natura, exercitar-se de manera completa i gaudir del mar al seu ritme.  <\/p>\t\t\t\t\t\t\t\t<\/div>\n\t\t<div class=\"elementor-element elementor-element-0547ced e-con-full e-flex e-con e-child\" data-id=\"0547ced\" data-element_type=\"container\" data-e-type=\"container\">\n\t\t\t\t<div class=\"elementor-element elementor-element-a32f268 elementor-align-justify elementor-widget__width-initial elementor-widget-mobile__width-auto elementor-widget elementor-widget-button\" data-id=\"a32f268\" data-element_type=\"widget\" data-e-type=\"widget\" data-widget_type=\"button.default\">\n\t\t\t\t\t\t\t\t\t\t<a class=\"elementor-button elementor-button-link elementor-size-sm\" href=\"\/ca\/servei\/lloguer\/?jsf=jet-engine:listado-productos&#038;tax=product_cat:26\">\n\t\t\t\t\t\t<span class=\"elementor-button-content-wrapper\">\n\t\t\t\t\t\t\t\t\t<span class=\"elementor-button-text\">Llogar<\/span>\n\t\t\t\t\t<\/span>\n\t\t\t\t\t<\/a>\n\t\t\t\t\t\t\t\t<\/div>\n\t\t\t\t<div class=\"elementor-element elementor-element-faa694f elementor-align-justify elementor-widget__width-initial elementor-widget-mobile__width-auto elementor-widget elementor-widget-button\" data-id=\"faa694f\" data-element_type=\"widget\" data-e-type=\"widget\" data-widget_type=\"button.default\">\n\t\t\t\t\t\t\t\t\t\t<a class=\"elementor-button elementor-button-link elementor-size-sm\" href=\"\/ca\/servei\/compra-ca\/?jsf=jet-engine:listado-productos&#038;tax=product_cat:26\">\n\t\t\t\t\t\t<span class=\"elementor-button-content-wrapper\">\n\t\t\t\t\t\t\t\t\t<span class=\"elementor-button-text\">Comprar<\/span>\n\t\t\t\t\t<\/span>\n\t\t\t\t\t<\/a>\n\t\t\t\t\t\t\t\t<\/div>\n\t\t\t\t<\/div>\n\t\t\t\t<\/div>\n\t\t\t\t<\/div>\n\t\t<div class=\"elementor-element elementor-element-754018e e-con-full e-flex e-con e-child\" data-id=\"754018e\" data-element_type=\"container\" data-e-type=\"container\" data-settings=\"{&quot;background_background&quot;:&quot;classic&quot;}\">\n\t\t\t\t<\/div>\n\t\t\t\t<\/div>\n\t\t<div class=\"elementor-element elementor-element-c364809 e-con-full e-flex e-con e-parent\" data-id=\"c364809\" data-element_type=\"container\" data-e-type=\"container\">\n\t\t<div class=\"elementor-element elementor-element-98dab26 e-con-full e-flex e-con e-child\" data-id=\"98dab26\" data-element_type=\"container\" data-e-type=\"container\">\n\t\t<div class=\"elementor-element elementor-element-6542014 e-con-full e-flex e-con e-child\" data-id=\"6542014\" data-element_type=\"container\" data-e-type=\"container\">\n\t\t\t\t<div class=\"elementor-element elementor-element-9456945 elementor-widget elementor-widget-heading\" data-id=\"9456945\" data-element_type=\"widget\" data-e-type=\"widget\" data-widget_type=\"heading.default\">\n\t\t\t\t\t<h2 class=\"elementor-heading-title elementor-size-default\">Surf<\/h2>\t\t\t\t<\/div>\n\t\t\t\t<div class=\"elementor-element elementor-element-d14587a sin-margen elementor-widget elementor-widget-text-editor\" data-id=\"d14587a\" data-element_type=\"widget\" data-e-type=\"widget\" data-widget_type=\"text-editor.default\">\n\t\t\t\t\t\t\t\t\t<p>El surf \u00e9s molt m\u00e9s que un esport; \u00e9s un estil de vida. Desafiar les onades, sentir l&#8217;energia del mar sota els teus peus i lliscar sobre la seva superf\u00edcie \u00e9s una experi\u00e8ncia inigualable que enganxa els qui la proven. Ja siguis un principiant que vol aprendre a mantenir-se dret sobre la planxa o un surfista experimentat buscant dominar maniobres m\u00e9s complexes, aquest esport ofereix desafiaments i recompenses a cada nivell.  <\/p>\t\t\t\t\t\t\t\t<\/div>\n\t\t<div class=\"elementor-element elementor-element-d39694a e-con-full e-flex e-con e-child\" data-id=\"d39694a\" data-element_type=\"container\" data-e-type=\"container\">\n\t\t\t\t<div class=\"elementor-element elementor-element-34a1d84 elementor-align-justify elementor-widget__width-initial elementor-widget-mobile__width-auto elementor-widget elementor-widget-button\" data-id=\"34a1d84\" data-element_type=\"widget\" data-e-type=\"widget\" data-widget_type=\"button.default\">\n\t\t\t\t\t\t\t\t\t\t<a class=\"elementor-button elementor-button-link elementor-size-sm\" href=\"\/ca\/servei\/lloguer\/?jsf=jet-engine:listado-productos&#038;tax=product_cat:27\">\n\t\t\t\t\t\t<span class=\"elementor-button-content-wrapper\">\n\t\t\t\t\t\t\t\t\t<span class=\"elementor-button-text\">Llogar<\/span>\n\t\t\t\t\t<\/span>\n\t\t\t\t\t<\/a>\n\t\t\t\t\t\t\t\t<\/div>\n\t\t\t\t<div class=\"elementor-element elementor-element-769879e elementor-align-justify elementor-widget__width-initial elementor-widget-mobile__width-auto elementor-widget elementor-widget-button\" data-id=\"769879e\" data-element_type=\"widget\" data-e-type=\"widget\" data-widget_type=\"button.default\">\n\t\t\t\t\t\t\t\t\t\t<a class=\"elementor-button elementor-button-link elementor-size-sm\" href=\"\/ca\/servei\/compra-ca\/?jsf=jet-engine:listado-productos&#038;tax=product_cat:27\">\n\t\t\t\t\t\t<span class=\"elementor-button-content-wrapper\">\n\t\t\t\t\t\t\t\t\t<span class=\"elementor-button-text\">Comprar<\/span>\n\t\t\t\t\t<\/span>\n\t\t\t\t\t<\/a>\n\t\t\t\t\t\t\t\t<\/div>\n\t\t\t\t<\/div>\n\t\t\t\t<\/div>\n\t\t\t\t<\/div>\n\t\t<div class=\"elementor-element elementor-element-1f68434 e-con-full e-flex e-con e-child\" data-id=\"1f68434\" data-element_type=\"container\" data-e-type=\"container\" data-settings=\"{&quot;background_background&quot;:&quot;classic&quot;}\">\n\t\t\t\t<\/div>\n\t\t\t\t<\/div>\n\t\t<div class=\"elementor-element elementor-element-cb15b5c e-con-full e-flex e-con e-parent\" data-id=\"cb15b5c\" data-element_type=\"container\" data-e-type=\"container\">\n\t\t<div class=\"elementor-element elementor-element-5235819 e-con-full e-flex e-con e-child\" data-id=\"5235819\" data-element_type=\"container\" data-e-type=\"container\">\n\t\t<div class=\"elementor-element elementor-element-26131b0 e-con-full e-flex e-con e-child\" data-id=\"26131b0\" data-element_type=\"container\" data-e-type=\"container\">\n\t\t\t\t<div class=\"elementor-element elementor-element-bfbeac1 elementor-widget elementor-widget-heading\" data-id=\"bfbeac1\" data-element_type=\"widget\" data-e-type=\"widget\" data-widget_type=\"heading.default\">\n\t\t\t\t\t<h2 class=\"elementor-heading-title elementor-size-default\">Wing Foil<\/h2>\t\t\t\t<\/div>\n\t\t\t\t<div class=\"elementor-element elementor-element-16fa35e sin-margen elementor-widget elementor-widget-text-editor\" data-id=\"16fa35e\" data-element_type=\"widget\" data-e-type=\"widget\" data-widget_type=\"text-editor.default\">\n\t\t\t\t\t\t\t\t\t<p>El wing foil \u00e9s la nova sensaci\u00f3 al m\u00f3n dels esports aqu\u00e0tics, combinant t\u00e8cnica, adrenalina i pura llibertat. Aquest innovador esport utilitza una taula equipada amb una ala sota la quilla que, en guanyar velocitat, s&#8217;enlaira sobre l&#8217;aigua reduint gaireb\u00e9 per complet la fricci\u00f3. El resultat \u00e9s una experi\u00e8ncia \u00fanica de vol i lliscament suau que ofereix un control incre\u00efble fins i tot en condicions de vent moderat.  <\/p><p>Practicar wing foil vol dir viure moments plens d&#8217;emoci\u00f3 i superaci\u00f3 personal, sentint com t&#8217;eleves sobre l&#8217;aigua impulsat per la for\u00e7a del vent. Ideal tant per als que busquen iniciar-se en aquest esport revolucionari com per a aquells que ja s\u00f3n experts i desitgen perfeccionar-ne la t\u00e8cnica. <\/p>\t\t\t\t\t\t\t\t<\/div>\n\t\t<div class=\"elementor-element elementor-element-5be90f2 e-con-full e-flex e-con e-child\" data-id=\"5be90f2\" data-element_type=\"container\" data-e-type=\"container\">\n\t\t\t\t<div class=\"elementor-element elementor-element-58a9772 elementor-align-justify elementor-widget__width-initial elementor-widget-mobile__width-auto elementor-widget elementor-widget-button\" data-id=\"58a9772\" data-element_type=\"widget\" data-e-type=\"widget\" data-widget_type=\"button.default\">\n\t\t\t\t\t\t\t\t\t\t<a class=\"elementor-button elementor-button-link elementor-size-sm\" href=\"\/ca\/servei\/lloguer\/?jsf=jet-engine:listado-productos&#038;tax=product_cat:28\">\n\t\t\t\t\t\t<span class=\"elementor-button-content-wrapper\">\n\t\t\t\t\t\t\t\t\t<span class=\"elementor-button-text\">Llogar<\/span>\n\t\t\t\t\t<\/span>\n\t\t\t\t\t<\/a>\n\t\t\t\t\t\t\t\t<\/div>\n\t\t\t\t<div class=\"elementor-element elementor-element-cb8f087 elementor-align-justify elementor-widget__width-initial elementor-widget-mobile__width-auto elementor-widget elementor-widget-button\" data-id=\"cb8f087\" data-element_type=\"widget\" data-e-type=\"widget\" data-widget_type=\"button.default\">\n\t\t\t\t\t\t\t\t\t\t<a class=\"elementor-button elementor-button-link elementor-size-sm\" href=\"\/ca\/servei\/compra-ca\/?jsf=jet-engine:listado-productos&#038;tax=product_cat:28\">\n\t\t\t\t\t\t<span class=\"elementor-button-content-wrapper\">\n\t\t\t\t\t\t\t\t\t<span class=\"elementor-button-text\">Comprar<\/span>\n\t\t\t\t\t<\/span>\n\t\t\t\t\t<\/a>\n\t\t\t\t\t\t\t\t<\/div>\n\t\t\t\t<\/div>\n\t\t\t\t<\/div>\n\t\t\t\t<\/div>\n\t\t<div class=\"elementor-element elementor-element-6242bd3 e-con-full e-flex e-con e-child\" data-id=\"6242bd3\" data-element_type=\"container\" data-e-type=\"container\" data-settings=\"{&quot;background_background&quot;:&quot;classic&quot;}\">\n\t\t\t\t<\/div>\n\t\t\t\t<\/div>\n\t\t\t\t<\/div>\n\t\t","protected":false},"excerpt":{"rendered":"<p>Viu el mar Sup L&#8217;stand up paddle, comunament conegut com a SUP, \u00e9s un dels esports aqu\u00e0tics m\u00e9s vers\u00e0tils i accessibles. Sobre una taula gran i estable, el practicant es despla\u00e7a dret utilitzant un rem, cosa que permet explorar aig\u00fces tranquil\u00b7les o desafiar onades amb total llibertat. Aquest esport \u00e9s perfecte per a aquells que [&hellip;]<\/p>\n","protected":false},"author":1,"featured_media":802,"parent":0,"menu_order":0,"comment_status":"closed","ping_status":"closed","template":"","meta":{"footnotes":""},"class_list":["post-1067","page","type-page","status-publish","has-post-thumbnail","hentry"],"yoast_head":"<!-- This site is optimized with the Yoast SEO plugin v27.2 - https:\/\/yoast.com\/product\/yoast-seo-wordpress\/ -->\n<title>Esports - Delfoils<\/title>\n<meta name=\"description\" content=\"Equipa&#039;t amb nosaltres per practicar el teu esport aqu\u00e0tic preferit, ja sigui surf, paddle surf o el revolucionari wing foil.\" \/>\n<meta name=\"robots\" content=\"index, follow, max-snippet:-1, max-image-preview:large, max-video-preview:-1\" \/>\n<link rel=\"canonical\" href=\"https:\/\/delfoils.com\/ca\/esports\/\" \/>\n<meta property=\"og:locale\" content=\"ca_ES\" \/>\n<meta property=\"og:type\" content=\"article\" \/>\n<meta property=\"og:title\" content=\"Esports - Delfoils\" \/>\n<meta property=\"og:description\" content=\"Equipa&#039;t amb nosaltres per practicar el teu esport aqu\u00e0tic preferit, ja sigui surf, paddle surf o el revolucionari wing foil.\" \/>\n<meta property=\"og:url\" content=\"https:\/\/delfoils.com\/ca\/esports\/\" \/>\n<meta property=\"og:site_name\" content=\"Delfoils\" \/>\n<meta property=\"article:modified_time\" content=\"2025-08-22T05:55:28+00:00\" \/>\n<meta property=\"og:image\" content=\"https:\/\/delfoils.com\/wp-content\/uploads\/2025\/05\/Hombre-con-wing-foil.webp\" \/>\n\t<meta property=\"og:image:width\" content=\"1348\" \/>\n\t<meta property=\"og:image:height\" content=\"932\" \/>\n\t<meta property=\"og:image:type\" content=\"image\/webp\" \/>\n<meta name=\"twitter:card\" content=\"summary_large_image\" \/>\n<meta name=\"twitter:label1\" content=\"Temps estimat de lectura\" \/>\n\t<meta name=\"twitter:data1\" content=\"2 minuts\" \/>\n<script type=\"application\/ld+json\" class=\"yoast-schema-graph\">{\"@context\":\"https:\/\/schema.org\",\"@graph\":[{\"@type\":\"WebPage\",\"@id\":\"https:\/\/delfoils.com\/ca\/esports\/\",\"url\":\"https:\/\/delfoils.com\/ca\/esports\/\",\"name\":\"Esports - Delfoils\",\"isPartOf\":{\"@id\":\"https:\/\/delfoils.com\/#website\"},\"primaryImageOfPage\":{\"@id\":\"https:\/\/delfoils.com\/ca\/esports\/#primaryimage\"},\"image\":{\"@id\":\"https:\/\/delfoils.com\/ca\/esports\/#primaryimage\"},\"thumbnailUrl\":\"https:\/\/delfoils.com\/wp-content\/uploads\/2025\/05\/Hombre-con-wing-foil.webp\",\"datePublished\":\"2025-05-20T05:39:34+00:00\",\"dateModified\":\"2025-08-22T05:55:28+00:00\",\"description\":\"Equipa't amb nosaltres per practicar el teu esport aqu\u00e0tic preferit, ja sigui surf, paddle surf o el revolucionari wing foil.\",\"breadcrumb\":{\"@id\":\"https:\/\/delfoils.com\/ca\/esports\/#breadcrumb\"},\"inLanguage\":\"ca\",\"potentialAction\":[{\"@type\":\"ReadAction\",\"target\":[\"https:\/\/delfoils.com\/ca\/esports\/\"]}]},{\"@type\":\"ImageObject\",\"inLanguage\":\"ca\",\"@id\":\"https:\/\/delfoils.com\/ca\/esports\/#primaryimage\",\"url\":\"https:\/\/delfoils.com\/wp-content\/uploads\/2025\/05\/Hombre-con-wing-foil.webp\",\"contentUrl\":\"https:\/\/delfoils.com\/wp-content\/uploads\/2025\/05\/Hombre-con-wing-foil.webp\",\"width\":1348,\"height\":932},{\"@type\":\"BreadcrumbList\",\"@id\":\"https:\/\/delfoils.com\/ca\/esports\/#breadcrumb\",\"itemListElement\":[{\"@type\":\"ListItem\",\"position\":1,\"name\":\"Portada\",\"item\":\"https:\/\/delfoils.com\/ca\/\"},{\"@type\":\"ListItem\",\"position\":2,\"name\":\"Esports\"}]},{\"@type\":\"WebSite\",\"@id\":\"https:\/\/delfoils.com\/#website\",\"url\":\"https:\/\/delfoils.com\/\",\"name\":\"Delfoils\",\"description\":\"\",\"publisher\":{\"@id\":\"https:\/\/delfoils.com\/#organization\"},\"potentialAction\":[{\"@type\":\"SearchAction\",\"target\":{\"@type\":\"EntryPoint\",\"urlTemplate\":\"https:\/\/delfoils.com\/?s={search_term_string}\"},\"query-input\":{\"@type\":\"PropertyValueSpecification\",\"valueRequired\":true,\"valueName\":\"search_term_string\"}}],\"inLanguage\":\"ca\"},{\"@type\":\"Organization\",\"@id\":\"https:\/\/delfoils.com\/#organization\",\"name\":\"Delfoils\",\"url\":\"https:\/\/delfoils.com\/\",\"logo\":{\"@type\":\"ImageObject\",\"inLanguage\":\"ca\",\"@id\":\"https:\/\/delfoils.com\/#\/schema\/logo\/image\/\",\"url\":\"https:\/\/delfoils.com\/wp-content\/uploads\/2025\/05\/favicon.png\",\"contentUrl\":\"https:\/\/delfoils.com\/wp-content\/uploads\/2025\/05\/favicon.png\",\"width\":270,\"height\":270,\"caption\":\"Delfoils\"},\"image\":{\"@id\":\"https:\/\/delfoils.com\/#\/schema\/logo\/image\/\"},\"sameAs\":[\"https:\/\/es.linkedin.com\/company\/delfoils\"]}]}<\/script>\n<!-- \/ Yoast SEO plugin. -->","yoast_head_json":{"title":"Esports - Delfoils","description":"Equipa't amb nosaltres per practicar el teu esport aqu\u00e0tic preferit, ja sigui surf, paddle surf o el revolucionari wing foil.","robots":{"index":"index","follow":"follow","max-snippet":"max-snippet:-1","max-image-preview":"max-image-preview:large","max-video-preview":"max-video-preview:-1"},"canonical":"https:\/\/delfoils.com\/ca\/esports\/","og_locale":"ca_ES","og_type":"article","og_title":"Esports - Delfoils","og_description":"Equipa't amb nosaltres per practicar el teu esport aqu\u00e0tic preferit, ja sigui surf, paddle surf o el revolucionari wing foil.","og_url":"https:\/\/delfoils.com\/ca\/esports\/","og_site_name":"Delfoils","article_modified_time":"2025-08-22T05:55:28+00:00","og_image":[{"width":1348,"height":932,"url":"https:\/\/delfoils.com\/wp-content\/uploads\/2025\/05\/Hombre-con-wing-foil.webp","type":"image\/webp"}],"twitter_card":"summary_large_image","twitter_misc":{"Temps estimat de lectura":"2 minuts"},"schema":{"@context":"https:\/\/schema.org","@graph":[{"@type":"WebPage","@id":"https:\/\/delfoils.com\/ca\/esports\/","url":"https:\/\/delfoils.com\/ca\/esports\/","name":"Esports - Delfoils","isPartOf":{"@id":"https:\/\/delfoils.com\/#website"},"primaryImageOfPage":{"@id":"https:\/\/delfoils.com\/ca\/esports\/#primaryimage"},"image":{"@id":"https:\/\/delfoils.com\/ca\/esports\/#primaryimage"},"thumbnailUrl":"https:\/\/delfoils.com\/wp-content\/uploads\/2025\/05\/Hombre-con-wing-foil.webp","datePublished":"2025-05-20T05:39:34+00:00","dateModified":"2025-08-22T05:55:28+00:00","description":"Equipa't amb nosaltres per practicar el teu esport aqu\u00e0tic preferit, ja sigui surf, paddle surf o el revolucionari wing foil.","breadcrumb":{"@id":"https:\/\/delfoils.com\/ca\/esports\/#breadcrumb"},"inLanguage":"ca","potentialAction":[{"@type":"ReadAction","target":["https:\/\/delfoils.com\/ca\/esports\/"]}]},{"@type":"ImageObject","inLanguage":"ca","@id":"https:\/\/delfoils.com\/ca\/esports\/#primaryimage","url":"https:\/\/delfoils.com\/wp-content\/uploads\/2025\/05\/Hombre-con-wing-foil.webp","contentUrl":"https:\/\/delfoils.com\/wp-content\/uploads\/2025\/05\/Hombre-con-wing-foil.webp","width":1348,"height":932},{"@type":"BreadcrumbList","@id":"https:\/\/delfoils.com\/ca\/esports\/#breadcrumb","itemListElement":[{"@type":"ListItem","position":1,"name":"Portada","item":"https:\/\/delfoils.com\/ca\/"},{"@type":"ListItem","position":2,"name":"Esports"}]},{"@type":"WebSite","@id":"https:\/\/delfoils.com\/#website","url":"https:\/\/delfoils.com\/","name":"Delfoils","description":"","publisher":{"@id":"https:\/\/delfoils.com\/#organization"},"potentialAction":[{"@type":"SearchAction","target":{"@type":"EntryPoint","urlTemplate":"https:\/\/delfoils.com\/?s={search_term_string}"},"query-input":{"@type":"PropertyValueSpecification","valueRequired":true,"valueName":"search_term_string"}}],"inLanguage":"ca"},{"@type":"Organization","@id":"https:\/\/delfoils.com\/#organization","name":"Delfoils","url":"https:\/\/delfoils.com\/","logo":{"@type":"ImageObject","inLanguage":"ca","@id":"https:\/\/delfoils.com\/#\/schema\/logo\/image\/","url":"https:\/\/delfoils.com\/wp-content\/uploads\/2025\/05\/favicon.png","contentUrl":"https:\/\/delfoils.com\/wp-content\/uploads\/2025\/05\/favicon.png","width":270,"height":270,"caption":"Delfoils"},"image":{"@id":"https:\/\/delfoils.com\/#\/schema\/logo\/image\/"},"sameAs":["https:\/\/es.linkedin.com\/company\/delfoils"]}]}},"_links":{"self":[{"href":"https:\/\/delfoils.com\/ca\/wp-json\/wp\/v2\/pages\/1067","targetHints":{"allow":["GET"]}}],"collection":[{"href":"https:\/\/delfoils.com\/ca\/wp-json\/wp\/v2\/pages"}],"about":[{"href":"https:\/\/delfoils.com\/ca\/wp-json\/wp\/v2\/types\/page"}],"author":[{"embeddable":true,"href":"https:\/\/delfoils.com\/ca\/wp-json\/wp\/v2\/users\/1"}],"replies":[{"embeddable":true,"href":"https:\/\/delfoils.com\/ca\/wp-json\/wp\/v2\/comments?post=1067"}],"version-history":[{"count":4,"href":"https:\/\/delfoils.com\/ca\/wp-json\/wp\/v2\/pages\/1067\/revisions"}],"predecessor-version":[{"id":1198,"href":"https:\/\/delfoils.com\/ca\/wp-json\/wp\/v2\/pages\/1067\/revisions\/1198"}],"wp:featuredmedia":[{"embeddable":true,"href":"https:\/\/delfoils.com\/ca\/wp-json\/wp\/v2\/media\/802"}],"wp:attachment":[{"href":"https:\/\/delfoils.com\/ca\/wp-json\/wp\/v2\/media?parent=1067"}],"curies":[{"name":"wp","href":"https:\/\/api.w.org\/{rel}","templated":true}]}}